{"id":53,"date":"2018-03-06T10:28:23","date_gmt":"2018-03-06T09:28:23","guid":{"rendered":"http:\/\/promgaz.pl\/?page_id=53"},"modified":"2026-04-16T14:01:50","modified_gmt":"2026-04-16T12:01:50","slug":"promienniki-rurowe-sbt","status":"publish","type":"page","link":"https:\/\/promgaz.pl\/index.php\/produkty\/promienniki-rurowe-sbt\/","title":{"rendered":"Promienniki Rurowe SBT"},"content":{"rendered":"\t\t<div data-elementor-type=\"wp-post\" data-elementor-id=\"53\" class=\"elementor elementor-53\">\n\t\t\t\t\t\t<div class=\"elementor-inner\">\n\t\t\t\t<div class=\"elementor-section-wrap\">\n\t\t\t\t\t\t\t\t\t<section class=\"elementor-section elementor-top-section elementor-element elementor-element-6106b235 elementor-section-stretched elementor-section-boxed elementor-section-height-default elementor-section-height-default\" data-id=\"6106b235\" data-element_type=\"section\" data-settings=\"{&quot;background_background&quot;:&quot;classic&quot;,&quot;stretch_section&quot;:&quot;section-stretched&quot;}\">\n\t\t\t\t\t\t<div class=\"elementor-container elementor-column-gap-default\">\n\t\t\t\t\t\t\t<div class=\"elementor-row\">\n\t\t\t\t\t<div class=\"elementor-column elementor-col-100 elementor-top-column elementor-element elementor-element-5b86321a\" data-id=\"5b86321a\" data-element_type=\"column\">\n\t\t\t<div class=\"elementor-column-wrap elementor-element-populated\">\n\t\t\t\t\t\t\t<div class=\"elementor-widget-wrap\">\n\t\t\t\t\t\t<div class=\"elementor-element elementor-element-5e3702b elementor-widget elementor-widget-square-plus-heading\" data-id=\"5e3702b\" data-element_type=\"widget\" data-widget_type=\"square-plus-heading.default\">\n\t\t\t\t<div class=\"elementor-widget-container\">\n\t\t\t        <div class=\"el-section-title-tagline el-normal-title-multi-sep el-align-center\">\n            <div class=\"el-section-header\">\n                \n                                    <h2 class=\"el-section-title\">\n                    Ogrzewanie Przemys\u0142owe                     <\/h2>\n                            <\/div>\n\n                            <div class=\"el-section-subtitle\">\n                    <p>Promienniki Rurowe Ciemne SBT<\/p>\n                <\/div>\n                    <\/div>\n        \t\t<\/div>\n\t\t\t\t<\/div>\n\t\t\t\t<div class=\"elementor-element elementor-element-9654185 elementor-widget elementor-widget-text-editor\" data-id=\"9654185\" data-element_type=\"widget\" data-widget_type=\"text-editor.default\">\n\t\t\t\t<div class=\"elementor-widget-container\">\n\t\t\t<style>\/*! elementor - v3.14.0 - 18-06-2023 *\/\n.elementor-widget-text-editor.elementor-drop-cap-view-stacked .elementor-drop-cap{background-color:#69727d;color:#fff}.elementor-widget-text-editor.elementor-drop-cap-view-framed .elementor-drop-cap{color:#69727d;border:3px solid;background-color:transparent}.elementor-widget-text-editor:not(.elementor-drop-cap-view-default) .elementor-drop-cap{margin-top:8px}.elementor-widget-text-editor:not(.elementor-drop-cap-view-default) .elementor-drop-cap-letter{width:1em;height:1em}.elementor-widget-text-editor .elementor-drop-cap{float:left;text-align:center;line-height:1;font-size:50px}.elementor-widget-text-editor .elementor-drop-cap-letter{display:inline-block}<\/style>\t\t\t\t\t<div class=\"elementor-text-editor elementor-clearfix\">\n\t\t\t\t<p>Promienniki rurowe SBT to nowoczesne, gazowe promienniki podczerwieni typu ciemnego, przeznaczone przede wszystkim do efektywnego ogrzewania du\u017cych obiekt\u00f3w przemys\u0142owych, magazyn\u00f3w, hal produkcyjnych, warsztat\u00f3w oraz innych pomieszcze\u0144 o du\u017cej kubaturze.<\/p>\t\t\t\t\t<\/div>\n\t\t\t\t\t\t<\/div>\n\t\t\t\t<\/div>\n\t\t\t\t<div class=\"elementor-element elementor-element-c91b33e elementor-widget elementor-widget-image\" data-id=\"c91b33e\" data-element_type=\"widget\" data-widget_type=\"image.default\">\n\t\t\t\t<div class=\"elementor-widget-container\">\n\t\t\t<style>\/*! elementor - v3.14.0 - 18-06-2023 *\/\n.elementor-widget-image{text-align:center}.elementor-widget-image a{display:inline-block}.elementor-widget-image a img[src$=\".svg\"]{width:48px}.elementor-widget-image img{vertical-align:middle;display:inline-block}<\/style>\t\t\t\t\t<div class=\"elementor-image\">\n\t\t\t\t\t\t\t\t\t\t\t\t<img loading=\"lazy\" decoding=\"async\" width=\"4578\" height=\"2050\" src=\"https:\/\/promgaz.pl\/wp-content\/uploads\/2026\/04\/promiennik-gazowy-rurowy-ogrzewanie-nowej-hali-e1776243697541.jpg\" class=\"attachment-full size-full wp-image-2982\" alt=\"promiennik gazowy rurowy ogrzewanie nowej hali\" srcset=\"https:\/\/promgaz.pl\/wp-content\/uploads\/2026\/04\/promiennik-gazowy-rurowy-ogrzewanie-nowej-hali-e1776243697541.jpg 4578w, https:\/\/promgaz.pl\/wp-content\/uploads\/2026\/04\/promiennik-gazowy-rurowy-ogrzewanie-nowej-hali-e1776243697541-300x134.jpg 300w, https:\/\/promgaz.pl\/wp-content\/uploads\/2026\/04\/promiennik-gazowy-rurowy-ogrzewanie-nowej-hali-e1776243697541-1024x459.jpg 1024w, https:\/\/promgaz.pl\/wp-content\/uploads\/2026\/04\/promiennik-gazowy-rurowy-ogrzewanie-nowej-hali-e1776243697541-768x344.jpg 768w, https:\/\/promgaz.pl\/wp-content\/uploads\/2026\/04\/promiennik-gazowy-rurowy-ogrzewanie-nowej-hali-e1776243697541-1536x688.jpg 1536w, https:\/\/promgaz.pl\/wp-content\/uploads\/2026\/04\/promiennik-gazowy-rurowy-ogrzewanie-nowej-hali-e1776243697541-2048x917.jpg 2048w\" sizes=\"auto, (max-width: 4578px) 100vw, 4578px\" \/>\t\t\t\t\t\t\t\t\t\t\t\t\t\t<\/div>\n\t\t\t\t\t\t<\/div>\n\t\t\t\t<\/div>\n\t\t\t\t<div class=\"elementor-element elementor-element-5503ef9 elementor-widget elementor-widget-text-editor\" data-id=\"5503ef9\" data-element_type=\"widget\" data-widget_type=\"text-editor.default\">\n\t\t\t\t<div class=\"elementor-widget-container\">\n\t\t\t\t\t\t\t\t<div class=\"elementor-text-editor elementor-clearfix\">\n\t\t\t\t<div dir=\"auto\">W przeciwie\u0144stwie do promiennik\u00f3w ceramicznych SBC (jasnych), w promiennikach SBT spalanie gazu odbywa si\u0119 wewn\u0105trz d\u0142ugiej rury emisyjnej. Powsta\u0142e spaliny ogrzewaj\u0105 rur\u0119 na ca\u0142ej jej d\u0142ugo\u015bci do temperatury zewn\u0119trznej powierzchni ok. 360\u2013450\u00b0C. Rura, emituje intensywne promieniowanie podczerwone (g\u0142\u00f3wnie dalekiej podczerwieni), kt\u00f3re jest kierowane w d\u00f3\u0142 przez paraboliczny reflektor (lustro).<\/div><div dir=\"auto\">Dzi\u0119ki temu ciep\u0142o dociera bezpo\u015brednio do os\u00f3b, maszyn, pod\u0142ogi i obiekt\u00f3w w strefie roboczej, bez konieczno\u015bci nagrzewania ca\u0142ego ogromnego wolumenu powietrza pod sufitem hali. Jest to rozwi\u0105zanie szczeg\u00f3lnie ekonomiczne w wysokich pomieszczeniach z du\u017c\u0105 wymian\u0105 powietrza lub znacznymi stratami ciep\u0142a.<\/div>\t\t\t\t\t<\/div>\n\t\t\t\t\t\t<\/div>\n\t\t\t\t<\/div>\n\t\t\t\t\t\t<\/div>\n\t\t\t\t\t<\/div>\n\t\t<\/div>\n\t\t\t\t\t\t\t\t<\/div>\n\t\t\t\t\t<\/div>\n\t\t<\/section>\n\t\t\t\t<section class=\"elementor-section elementor-top-section elementor-element elementor-element-a3e872e elementor-section-stretched elementor-section-boxed elementor-section-height-default elementor-section-height-default\" data-id=\"a3e872e\" data-element_type=\"section\" data-settings=\"{&quot;background_background&quot;:&quot;classic&quot;,&quot;stretch_section&quot;:&quot;section-stretched&quot;}\">\n\t\t\t\t\t\t<div class=\"elementor-container elementor-column-gap-default\">\n\t\t\t\t\t\t\t<div class=\"elementor-row\">\n\t\t\t\t\t<div class=\"elementor-column elementor-col-100 elementor-top-column elementor-element elementor-element-a1ce8b7\" data-id=\"a1ce8b7\" data-element_type=\"column\">\n\t\t\t<div class=\"elementor-column-wrap elementor-element-populated\">\n\t\t\t\t\t\t\t<div class=\"elementor-widget-wrap\">\n\t\t\t\t\t\t<div class=\"elementor-element elementor-element-c069063 elementor-widget elementor-widget-square-plus-content-slider\" data-id=\"c069063\" data-element_type=\"widget\" data-widget_type=\"square-plus-content-slider.default\">\n\t\t\t\t<div class=\"elementor-widget-container\">\n\t\t\t        <div class=\"el-style2 el-news-wrap owl-carousel el-clearfix\" data-params='{\"autoplay\":true,\"pause_on_hover\":true,\"loop\":true,\"speed\":500,\"pause\":5000}'>\n                                <div class=\"el-news\">\n                                                    <div class=\"el-news-image\">\n                                <img decoding=\"async\" src=\"https:\/\/promgaz.pl\/wp-content\/uploads\/2023\/04\/2215-e1682409786952.jpg\" title=\"Palnik do promiennika gazowego\" alt=\"Palnik do promiennika gazowego\" loading=\"lazy\" \/>                            <\/div>\n                        \n                        <div class=\"el-news-content\">\n                            <h5 class=\"el-news-title\">Budowa i zasada dzia\u0142ania <\/h5>\n\n                            <div class=\"el-news-text\">\n                                <div dir=\"auto\">Palnik z wentylatorem przedmuchowym wytwarza d\u0142ugi, laminarny p\u0142omie\u0144 wewn\u0105trz rury.<\/div>\n<div dir=\"auto\">Rura emisyjna (wykonana z wysokiej jako\u015bci stali, cz\u0119sto nierdzewnej, w formie litery U lub I) rozgrzewa si\u0119 r\u00f3wnomiernie na ca\u0142ej d\u0142ugo\u015bci.<\/div>\n<div dir=\"auto\">Reflektory (lustra) skierowuj\u0105 promieniowanie podczerwone precyzyjnie w d\u00f3\u0142, minimalizuj\u0105c straty.<\/div>\n<div dir=\"auto\">Spaliny s\u0105 odprowadzane na zewn\u0105trz budynku przez przew\u00f3d kominowy (\u00d8 100 mm), co zapewnia czyste powietrze wewn\u0105trz obiektu i wysok\u0105 klas\u0119 bezpiecze\u0144stwa.<\/div>\n<div dir=\"auto\">Mo\u017cliwe jest pod\u0142\u0105czenie zar\u00f3wno powietrza z zewn\u0105trz (przew\u00f3d \u00d8 100 mm), jak i z pomieszczenia.<\/div>\n                            <\/div>\n\n                                                    <\/div>\n\n                                            <\/div>\n                            <\/div>\n        \t\t<\/div>\n\t\t\t\t<\/div>\n\t\t\t\t\t\t<\/div>\n\t\t\t\t\t<\/div>\n\t\t<\/div>\n\t\t\t\t\t\t\t\t<\/div>\n\t\t\t\t\t<\/div>\n\t\t<\/section>\n\t\t\t\t<section class=\"elementor-section elementor-top-section elementor-element elementor-element-8591955 elementor-section-stretched elementor-section-boxed elementor-section-height-default elementor-section-height-default\" data-id=\"8591955\" data-element_type=\"section\" data-settings=\"{&quot;stretch_section&quot;:&quot;section-stretched&quot;,&quot;background_background&quot;:&quot;classic&quot;}\">\n\t\t\t\t\t\t<div class=\"elementor-container elementor-column-gap-default\">\n\t\t\t\t\t\t\t<div class=\"elementor-row\">\n\t\t\t\t\t<div class=\"elementor-column elementor-col-33 elementor-top-column elementor-element elementor-element-e0e5a87\" data-id=\"e0e5a87\" data-element_type=\"column\">\n\t\t\t<div class=\"elementor-column-wrap elementor-element-populated\">\n\t\t\t\t\t\t\t<div class=\"elementor-widget-wrap\">\n\t\t\t\t\t\t<div class=\"elementor-element elementor-element-fbe9c7c elementor-widget elementor-widget-text-editor\" data-id=\"fbe9c7c\" data-element_type=\"widget\" data-widget_type=\"text-editor.default\">\n\t\t\t\t<div class=\"elementor-widget-container\">\n\t\t\t\t\t\t\t\t<div class=\"elementor-text-editor elementor-clearfix\">\n\t\t\t\t<h3 data-start=\"1698\" data-end=\"1768\"><strong data-start=\"1702\" data-end=\"1766\">Zastosowanie Promiennik\u00f3w Rurowych SBT<\/strong><\/h3><div dir=\"auto\">\u2705 Hale produkcyjne i monta\u017cowe<\/div><div dir=\"auto\">\u2705 Magazyny i centra logistyczne<\/div><div dir=\"auto\">\u2705 Warsztaty, spawalnie, lakiernie<\/div><div dir=\"auto\">\u2705 Obiekty sportowe i hale widowiskowe<\/div><div dir=\"auto\">\u2705 Obiekty sakralne, ko\u015bcio\u0142y, cerkwie<\/div><div dir=\"auto\">\u2705 Inne du\u017ce przestrzenie przemys\u0142owe i rzemie\u015blnicze<\/div>\t\t\t\t\t<\/div>\n\t\t\t\t\t\t<\/div>\n\t\t\t\t<\/div>\n\t\t\t\t\t\t<\/div>\n\t\t\t\t\t<\/div>\n\t\t<\/div>\n\t\t\t\t<div class=\"elementor-column elementor-col-66 elementor-top-column elementor-element elementor-element-62cf8a4\" data-id=\"62cf8a4\" data-element_type=\"column\">\n\t\t\t<div class=\"elementor-column-wrap elementor-element-populated\">\n\t\t\t\t\t\t\t<div class=\"elementor-widget-wrap\">\n\t\t\t\t\t\t<div class=\"elementor-element elementor-element-be924ef elementor-widget elementor-widget-image\" data-id=\"be924ef\" data-element_type=\"widget\" data-widget_type=\"image.default\">\n\t\t\t\t<div class=\"elementor-widget-container\">\n\t\t\t\t\t\t\t\t<div class=\"elementor-image\">\n\t\t\t\t\t\t\t\t\t\t\t\t<img loading=\"lazy\" decoding=\"async\" width=\"640\" height=\"427\" src=\"https:\/\/promgaz.pl\/wp-content\/uploads\/2023\/04\/2214-1024x683.jpg\" class=\"attachment-large size-large wp-image-1503\" alt=\"\" srcset=\"https:\/\/promgaz.pl\/wp-content\/uploads\/2023\/04\/2214-1024x683.jpg 1024w, https:\/\/promgaz.pl\/wp-content\/uploads\/2023\/04\/2214-300x200.jpg 300w, https:\/\/promgaz.pl\/wp-content\/uploads\/2023\/04\/2214-768x512.jpg 768w, https:\/\/promgaz.pl\/wp-content\/uploads\/2023\/04\/2214.jpg 1500w\" sizes=\"auto, (max-width: 640px) 100vw, 640px\" \/>\t\t\t\t\t\t\t\t\t\t\t\t\t\t<\/div>\n\t\t\t\t\t\t<\/div>\n\t\t\t\t<\/div>\n\t\t\t\t\t\t<\/div>\n\t\t\t\t\t<\/div>\n\t\t<\/div>\n\t\t\t\t\t\t\t\t<\/div>\n\t\t\t\t\t<\/div>\n\t\t<\/section>\n\t\t\t\t<section class=\"elementor-section elementor-top-section elementor-element elementor-element-d84543f elementor-section-stretched elementor-section-boxed elementor-section-height-default elementor-section-height-default\" data-id=\"d84543f\" data-element_type=\"section\" data-settings=\"{&quot;background_background&quot;:&quot;classic&quot;,&quot;stretch_section&quot;:&quot;section-stretched&quot;}\">\n\t\t\t\t\t\t<div class=\"elementor-container elementor-column-gap-default\">\n\t\t\t\t\t\t\t<div class=\"elementor-row\">\n\t\t\t\t\t<div class=\"elementor-column elementor-col-100 elementor-top-column elementor-element elementor-element-0ba0579\" data-id=\"0ba0579\" data-element_type=\"column\">\n\t\t\t<div class=\"elementor-column-wrap elementor-element-populated\">\n\t\t\t\t\t\t\t<div class=\"elementor-widget-wrap\">\n\t\t\t\t\t\t<div class=\"elementor-element elementor-element-596b3d5 elementor-widget elementor-widget-square-plus-content-slider\" data-id=\"596b3d5\" data-element_type=\"widget\" data-widget_type=\"square-plus-content-slider.default\">\n\t\t\t\t<div class=\"elementor-widget-container\">\n\t\t\t        <div class=\"el-style2 el-news-wrap owl-carousel el-clearfix\" data-params='{\"autoplay\":true,\"pause_on_hover\":true,\"loop\":true,\"speed\":500,\"pause\":5000}'>\n                                <div class=\"el-news\">\n                                                    <div class=\"el-news-image\">\n                                <img decoding=\"async\" src=\"https:\/\/promgaz.pl\/wp-content\/uploads\/2026\/04\/ogrzewanie-hali-promiennikiem-rurowym-o-wysokiej-skutecznosci.jpg\" title=\"ogrzewanie hali promiennikiem rurowym o wysokiej skuteczno\u015bci\" alt=\"ogrzewanie hali promiennikiem rurowym o wysokiej skuteczno\u015bci\" loading=\"lazy\" \/>                            <\/div>\n                        \n                        <div class=\"el-news-content\">\n                            <h5 class=\"el-news-title\">Zalety Promiennik\u00f3w Rurowych SBT<\/h5>\n\n                            <div class=\"el-news-text\">\n                                <div dir=\"auto\">\u27a1\ufe0f Natychmiastowe odczuwalne ciep\u0142o \u2013 komfort cieplny pojawia si\u0119 ju\u017c po kilku minutach od uruchomienia.<\/div>\n<div dir=\"auto\">\u27a1\ufe0f Wysoka sprawno\u015b\u0107 energetyczna \u2013 ogrzewanie obiekt\u00f3w i os\u00f3b, a nie powietrza \u2192 oszcz\u0119dno\u015bci nawet 30\u201350% w por\u00f3wnaniu z tradycyjnymi systemami nawiewowymi.<\/div>\n<div dir=\"auto\">\u27a1\ufe0f R\u00f3wnomierne ogrzewanie du\u017cych powierzchni \u2013 idealne do hal o wysoko\u015bci powy\u017cej 4\u201315 m.<\/div>\n<div dir=\"auto\">\u27a1\ufe0f Cicha praca i brak ruchu powietrza \u2013 nie wzbija kurzu ani py\u0142\u00f3w (wa\u017cne w przemy\u015ble spo\u017cywczym, precyzyjnym, lakierniczym).<\/div>\n<div dir=\"auto\">\u27a1\ufe0f Wysoka trwa\u0142o\u015b\u0107 \u2013 rury ze stali odpornej na wysok\u0105 temperatur\u0119, solidna konstrukcja przeznaczona do trudnych warunk\u00f3w przemys\u0142owych.<\/div>\n<div dir=\"auto\">\u27a1\ufe0f Mo\u017cliwo\u015b\u0107 strefowego ogrzewania \u2013 mo\u017cna ogrzewa\u0107 tylko wybrane obszary robocze.<\/div>\n<div dir=\"auto\">\u27a1\ufe0f Niska emisja szkodliwych substancji (nowoczesne palniki spe\u0142niaj\u0105 rygorystyczne normy dotycz\u0105ce NOx).<\/div>\n<div dir=\"auto\">\u27a1\ufe0f Mo\u017cliwo\u015b\u0107 pracy na gazie ziemnym (G20) lub propan-butan (LPG).<\/div>\n                            <\/div>\n\n                                                    <\/div>\n\n                                            <\/div>\n                            <\/div>\n        \t\t<\/div>\n\t\t\t\t<\/div>\n\t\t\t\t\t\t<\/div>\n\t\t\t\t\t<\/div>\n\t\t<\/div>\n\t\t\t\t\t\t\t\t<\/div>\n\t\t\t\t\t<\/div>\n\t\t<\/section>\n\t\t<div class=\"elementor-element elementor-element-1d59923 e-flex e-con-boxed e-con\" data-id=\"1d59923\" data-element_type=\"container\" data-settings=\"{&quot;content_width&quot;:&quot;boxed&quot;}\">\n\t\t\t\t\t<div class=\"e-con-inner\">\n\t\t\t\t<div class=\"elementor-element elementor-element-4b7cbae elementor-widget elementor-widget-heading\" data-id=\"4b7cbae\" data-element_type=\"widget\" data-widget_type=\"heading.default\">\n\t\t\t\t<div class=\"elementor-widget-container\">\n\t\t\t<style>\/*! elementor - v3.14.0 - 18-06-2023 *\/\n.elementor-heading-title{padding:0;margin:0;line-height:1}.elementor-widget-heading .elementor-heading-title[class*=elementor-size-]>a{color:inherit;font-size:inherit;line-height:inherit}.elementor-widget-heading .elementor-heading-title.elementor-size-small{font-size:15px}.elementor-widget-heading .elementor-heading-title.elementor-size-medium{font-size:19px}.elementor-widget-heading .elementor-heading-title.elementor-size-large{font-size:29px}.elementor-widget-heading .elementor-heading-title.elementor-size-xl{font-size:39px}.elementor-widget-heading .elementor-heading-title.elementor-size-xxl{font-size:59px}<\/style><h2 class=\"elementor-heading-title elementor-size-default\">Podstawowe parametry techniczne <\/h2>\t\t<\/div>\n\t\t\t\t<\/div>\n\t\t\t\t<div class=\"elementor-element elementor-element-289c55f elementor-widget elementor-widget-text-editor\" data-id=\"289c55f\" data-element_type=\"widget\" data-widget_type=\"text-editor.default\">\n\t\t\t\t<div class=\"elementor-widget-container\">\n\t\t\t\t\t\t\t\t<div class=\"elementor-text-editor elementor-clearfix\">\n\t\t\t\t<style>\n.sbt-table {\n  width: 100%;\n  border-collapse: collapse;\n  font-family: Arial, sans-serif;\n  margin-bottom: 30px;\n}\n\n.sbt-table th, .sbt-table td {\n  border: 1px solid #ddd;\n  padding: 10px;\n  text-align: left;\n}\n\n.sbt-table th {\n  background-color: #296816; \/* zmieniony kolor *\/\n  color: #fff;\n}\n\n.sbt-table .section {\n  background-color: #f4f6f8;\n  font-weight: bold;\n  text-transform: uppercase;\n}\n\n.sbt-table tr:nth-child(even) {\n  background-color: #fafafa;\n}\n\n.sbt-table tr:hover {\n  background-color: #f1f1f1;\n}\n<\/style>\n\n<table class=\"sbt-table\">\n  <thead>\n    <tr>\n      <th>Parametr<\/th>\n      <th>SBT 6U \/ 12I<\/th>\n      <th>SBT 9U \/ 12U \/ 18I<\/th>\n    <\/tr>\n  <\/thead>\n  <tbody>\n    <tr class=\"section\">\n      <td colspan=\"3\">Dane techniczne<\/td>\n    <\/tr>\n    <tr>\n      <td>Moc nominalna<\/td>\n      <td>30 kW<\/td>\n      <td>45 kW<\/td>\n    <\/tr>\n    <tr>\n      <td>Zasilanie elektryczne<\/td>\n      <td>230 V \/ 50 Hz<\/td>\n      <td>230 V \/ 50 Hz<\/td>\n    <\/tr>\n    <tr>\n      <td>Maksymalne zu\u017cycie energii<\/td>\n      <td>83 W<\/td>\n      <td>83 W<\/td>\n    <\/tr>\n    <tr>\n      <td>Przy\u0142\u0105cze gazowe<\/td>\n      <td>3\/4&#8243;<\/td>\n      <td>3\/4&#8243;<\/td>\n    <\/tr>\n    <tr>\n      <td>Przew\u00f3d spalinowy<\/td>\n      <td>100 mm<\/td>\n      <td>100 mm<\/td>\n    <\/tr>\n    <tr>\n      <td>Pob\u00f3r powietrza<\/td>\n      <td>100 mm<\/td>\n      <td>100 mm<\/td>\n    <\/tr>\n    <tr>\n      <td>Waga (standard)<\/td>\n      <td>104 \/ 102 kg<\/td>\n      <td>148 \/ 192 \/ 147 kg<\/td>\n    <\/tr>\n\n    <tr class=\"section\">\n      <td colspan=\"3\">Zu\u017cycie gazu<\/td>\n    <\/tr>\n    <tr>\n      <td>Gaz ziemny G20 (2,0 kPa)<\/td>\n      <td>3,15 m\u00b3\/h<\/td>\n      <td>4,73 m\u00b3\/h<\/td>\n    <\/tr>\n    <tr>\n      <td>Propan-butan I3P (3,7 kPa)<\/td>\n      <td>2,21 kg\/h<\/td>\n      <td>3,79 kg\/h<\/td>\n    <\/tr>\n\n    <tr class=\"section\">\n      <td colspan=\"3\">Ci\u015bnienie na dyszy<\/td>\n    <\/tr>\n    <tr>\n      <td>Gaz ziemny G20<\/td>\n      <td>17 mbar<\/td>\n      <td>17 mbar<\/td>\n    <\/tr>\n    <tr>\n      <td>Propan-butan I3P<\/td>\n      <td>35 mbar<\/td>\n      <td>35 mbar<\/td>\n    <\/tr>\n\n    <tr class=\"section\">\n      <td colspan=\"3\">\u015arednica dyszy<\/td>\n    <\/tr>\n    <tr>\n      <td>Gaz ziemny G20<\/td>\n      <td>4,2 mm<\/td>\n      <td>4,8 mm<\/td>\n    <\/tr>\n    <tr>\n      <td>Propan-butan I3P<\/td>\n      <td>2,8 mm<\/td>\n      <td>3,7 mm<\/td>\n    <\/tr>\n\n    <tr>\n      <td>Klasa zabezpieczenia<\/td>\n      <td colspan=\"2\">IP 40<\/td>\n    <\/tr>\n  <\/tbody>\n<\/table>\t\t\t\t\t<\/div>\n\t\t\t\t\t\t<\/div>\n\t\t\t\t<\/div>\n\t\t\t\t\t<\/div>\n\t\t\t\t<\/div>\n\t\t\t\t<section class=\"elementor-section elementor-top-section elementor-element elementor-element-7a80d7f3 elementor-section-stretched elementor-section-boxed elementor-section-height-default elementor-section-height-default\" data-id=\"7a80d7f3\" data-element_type=\"section\" data-settings=\"{&quot;background_background&quot;:&quot;classic&quot;,&quot;stretch_section&quot;:&quot;section-stretched&quot;}\">\n\t\t\t\t\t\t\t<div class=\"elementor-background-overlay\"><\/div>\n\t\t\t\t\t\t\t<div class=\"elementor-container elementor-column-gap-default\">\n\t\t\t\t\t\t\t<div class=\"elementor-row\">\n\t\t\t\t\t<div class=\"elementor-column elementor-col-100 elementor-top-column elementor-element elementor-element-4226fc1a\" data-id=\"4226fc1a\" data-element_type=\"column\">\n\t\t\t<div class=\"elementor-column-wrap elementor-element-populated\">\n\t\t\t\t\t\t\t<div class=\"elementor-widget-wrap\">\n\t\t\t\t\t\t<div class=\"elementor-element elementor-element-1179daf elementor-widget elementor-widget-heading\" data-id=\"1179daf\" data-element_type=\"widget\" data-widget_type=\"heading.default\">\n\t\t\t\t<div class=\"elementor-widget-container\">\n\t\t\t<h3 class=\"elementor-heading-title elementor-size-default\">Dokumenty do pobrania<\/h3>\t\t<\/div>\n\t\t\t\t<\/div>\n\t\t\t\t<div class=\"elementor-element elementor-element-4708beec elementor-widget elementor-widget-square-plus-image-flipster\" data-id=\"4708beec\" data-element_type=\"widget\" data-widget_type=\"square-plus-image-flipster.default\">\n\t\t\t\t<div class=\"elementor-widget-container\">\n\t\t\t        <div class=\"el-image-flipster-carousel el-image-stretch-yes el-nav-side \" data-style=\"coverflow\">\n            <div class=\"el-flipster\"><div class=\"el-image-slide\" style=\"height:280px;width:200px\">                        <a href=\"https:\/\/promgaz.pl\/wp-content\/uploads\/2021\/01\/PL-SBT_v2_1.pdf\" target=\"_blank\">\n                            <img decoding=\"async\" src=\"https:\/\/promgaz.pl\/wp-content\/uploads\/2021\/01\/ce2.png\" alt=\"SBT\" \/>                        <\/a>\n                        <\/div><div class=\"el-image-slide\" style=\"height:280px;width:200px\">                        <a href=\"https:\/\/promgaz.pl\/wp-content\/uploads\/2021\/01\/PL-SBT_v2_1.pdf\" target=\"_blank\">\n                            <img decoding=\"async\" src=\"https:\/\/promgaz.pl\/wp-content\/uploads\/2021\/01\/io2.png\" alt=\"SBT\" \/>                        <\/a>\n                        <\/div><div class=\"el-image-slide\" style=\"height:280px;width:200px\">                        <a href=\"https:\/\/promgaz.pl\/wp-content\/uploads\/2019\/07\/SBT_PL_LT.pdf\" target=\"_blank\">\n                            <img decoding=\"async\" src=\"https:\/\/promgaz.pl\/wp-content\/uploads\/2019\/07\/SBT.jpg\" alt=\"SBT\" \/>                        <\/a>\n                        <\/div><\/div>        <\/div>\n        \t\t<\/div>\n\t\t\t\t<\/div>\n\t\t\t\t\t\t<\/div>\n\t\t\t\t\t<\/div>\n\t\t<\/div>\n\t\t\t\t\t\t\t\t<\/div>\n\t\t\t\t\t<\/div>\n\t\t<\/section>\n\t\t\t\t\t\t\t\t\t<\/div>\n\t\t\t<\/div>\n\t\t\t\t\t<\/div>\n\t\t","protected":false},"excerpt":{"rendered":"<p>Ogrzewanie Przemys\u0142owe Promienniki Rurowe Ciemne SBT Promienniki rurowe SBT to nowoczesne, gazowe promienniki podczerwieni typu ciemnego, przeznaczone przede wszystkim do efektywnego ogrzewania du\u017cych obiekt\u00f3w przemys\u0142owych, magazyn\u00f3w, hal produkcyjnych, warsztat\u00f3w oraz innych pomieszcze\u0144 o du\u017cej kubaturze. W przeciwie\u0144stwie do promiennik\u00f3w ceramicznych SBC (jasnych), w promiennikach SBT spalanie gazu odbywa si\u0119 wewn\u0105trz d\u0142ugiej rury emisyjnej. Powsta\u0142e spaliny [&hellip;]<\/p>\n","protected":false},"author":1,"featured_media":0,"parent":44,"menu_order":0,"comment_status":"closed","ping_status":"closed","template":"","meta":{"footnotes":""},"class_list":["post-53","page","type-page","status-publish","hentry"],"_links":{"self":[{"href":"https:\/\/promgaz.pl\/index.php\/wp-json\/wp\/v2\/pages\/53","targetHints":{"allow":["GET"]}}],"collection":[{"href":"https:\/\/promgaz.pl\/index.php\/wp-json\/wp\/v2\/pages"}],"about":[{"href":"https:\/\/promgaz.pl\/index.php\/wp-json\/wp\/v2\/types\/page"}],"author":[{"embeddable":true,"href":"https:\/\/promgaz.pl\/index.php\/wp-json\/wp\/v2\/users\/1"}],"replies":[{"embeddable":true,"href":"https:\/\/promgaz.pl\/index.php\/wp-json\/wp\/v2\/comments?post=53"}],"version-history":[{"count":87,"href":"https:\/\/promgaz.pl\/index.php\/wp-json\/wp\/v2\/pages\/53\/revisions"}],"predecessor-version":[{"id":3033,"href":"https:\/\/promgaz.pl\/index.php\/wp-json\/wp\/v2\/pages\/53\/revisions\/3033"}],"up":[{"embeddable":true,"href":"https:\/\/promgaz.pl\/index.php\/wp-json\/wp\/v2\/pages\/44"}],"wp:attachment":[{"href":"https:\/\/promgaz.pl\/index.php\/wp-json\/wp\/v2\/media?parent=53"}],"curies":[{"name":"wp","href":"https:\/\/api.w.org\/{rel}","templated":true}]}}