{"id":42,"date":"2018-03-06T08:32:10","date_gmt":"2018-03-06T07:32:10","guid":{"rendered":"http:\/\/promgaz.pl\/?page_id=42"},"modified":"2025-03-15T13:29:22","modified_gmt":"2025-03-15T12:29:22","slug":"kontakt","status":"publish","type":"page","link":"https:\/\/promgaz.pl\/index.php\/kontakt\/","title":{"rendered":"Kontakt"},"content":{"rendered":"\t\t<div data-elementor-type=\"wp-post\" data-elementor-id=\"42\" class=\"elementor elementor-42\">\n\t\t\t\t\t\t<div class=\"elementor-inner\">\n\t\t\t\t<div class=\"elementor-section-wrap\">\n\t\t\t\t\t\t\t\t\t<section class=\"elementor-section elementor-top-section elementor-element elementor-element-62410b91 elementor-section-stretched elementor-section-boxed elementor-section-height-default elementor-section-height-default\" data-id=\"62410b91\" data-element_type=\"section\" data-settings=\"{&quot;background_background&quot;:&quot;video&quot;,&quot;stretch_section&quot;:&quot;section-stretched&quot;}\">\n\t\t\t\t\t\t<div class=\"elementor-container elementor-column-gap-default\">\n\t\t\t\t\t\t\t<div class=\"elementor-row\">\n\t\t\t\t\t<div class=\"elementor-column elementor-col-100 elementor-top-column elementor-element elementor-element-5d633bf\" data-id=\"5d633bf\" data-element_type=\"column\">\n\t\t\t<div class=\"elementor-column-wrap elementor-element-populated\">\n\t\t\t\t\t\t\t<div class=\"elementor-widget-wrap\">\n\t\t\t\t\t\t<div class=\"elementor-element elementor-element-7fad307 elementor-widget elementor-widget-square-plus-heading\" data-id=\"7fad307\" data-element_type=\"widget\" data-widget_type=\"square-plus-heading.default\">\n\t\t\t\t<div class=\"elementor-widget-container\">\n\t\t\t        <div class=\"el-section-title-tagline el-normal-title el-align-center\">\n            <div class=\"el-section-header\">\n                \n                            <\/div>\n\n                            <div class=\"el-section-subtitle\">\n                    <p>Je\u015bli chcesz ogrza\u0107 hal\u0119, warsztat, magazyn.... i potrzebujesz precyzyjnie dobra\u0107 urz\u0105dzenia, <br \/>nie czekaj - napisz lub  zadzwo\u0144!<br \/>\n Z pe\u0142nym zaufaniem i odpowiedzialno\u015bci\u0105 zajmiemy si\u0119 reszt\u0105.<br \/>\nGwarantujemy, \u017ce dobierzemy najlepsze rozwi\u0105zanie, kt\u00f3re spe\u0142ni wszystkie Twoje oczekiwania. <\/p>\n                <\/div>\n                    <\/div>\n        \t\t<\/div>\n\t\t\t\t<\/div>\n\t\t\t\t\t\t<\/div>\n\t\t\t\t\t<\/div>\n\t\t<\/div>\n\t\t\t\t\t\t\t\t<\/div>\n\t\t\t\t\t<\/div>\n\t\t<\/section>\n\t\t\t\t<section class=\"elementor-section elementor-top-section elementor-element elementor-element-253f0e9 elementor-section-stretched elementor-section-boxed elementor-section-height-default elementor-section-height-default\" data-id=\"253f0e9\" data-element_type=\"section\" data-settings=\"{&quot;background_background&quot;:&quot;video&quot;,&quot;stretch_section&quot;:&quot;section-stretched&quot;}\">\n\t\t\t\t\t\t<div class=\"elementor-container elementor-column-gap-default\">\n\t\t\t\t\t\t\t<div class=\"elementor-row\">\n\t\t\t\t\t<div class=\"elementor-column elementor-col-100 elementor-top-column elementor-element elementor-element-86fd9ea\" data-id=\"86fd9ea\" data-element_type=\"column\">\n\t\t\t<div class=\"elementor-column-wrap elementor-element-populated\">\n\t\t\t\t\t\t\t<div class=\"elementor-widget-wrap\">\n\t\t\t\t\t\t<div class=\"elementor-element elementor-element-74d82b4 elementor-widget elementor-widget-square-plus-content-slider\" data-id=\"74d82b4\" data-element_type=\"widget\" data-widget_type=\"square-plus-content-slider.default\">\n\t\t\t\t<div class=\"elementor-widget-container\">\n\t\t\t        <div class=\"el-style2 el-news-wrap owl-carousel el-clearfix\" data-params='{\"autoplay\":false,\"pause_on_hover\":false,\"loop\":false,\"speed\":500}'>\n                                <div class=\"el-news\">\n                                                    <div class=\"el-news-image\">\n                                <img decoding=\"async\" src=\"https:\/\/promgaz.pl\/wp-content\/uploads\/2023\/02\/Mapka_PG.png\" title=\"Krasa 49 26-220 St\u0105pork\u00f3w\" alt=\"Krasa 49 26-220 St\u0105pork\u00f3w\" loading=\"lazy\" \/>                            <\/div>\n                        \n                        <div class=\"el-news-content\">\n                            <h5 class=\"el-news-title\">Promienniki Gazowe Sp. z o .o.<\/h5>\n\n                            <div class=\"el-news-text\">\n                                <p data-start=\"87\" data-end=\"159\"><strong data-start=\"87\" data-end=\"97\">Adres:<\/strong><br data-start=\"97\" data-end=\"100\" \/>Krasna 49, 26-220 St\u0105pork\u00f3w<br data-start=\"127\" data-end=\"130\" \/>Wojew\u00f3dztwo: \u015awi\u0119tokrzyskie<\/p>\n<p data-start=\"161\" data-end=\"215\"><strong data-start=\"161\" data-end=\"176\">Dane firmy:<\/strong><br data-start=\"176\" data-end=\"179\" \/>NIP: 6581956972<br data-start=\"194\" data-end=\"197\" \/>REGON: 260358540<\/p>\n<p data-start=\"217\" data-end=\"282\">\ud83d\udcc5 <strong data-start=\"220\" data-end=\"238\">Godziny pracy:<\/strong><br data-start=\"238\" data-end=\"241\" \/>Poniedzia\u0142ek \u2013 Pi\u0105tek: <strong data-start=\"264\" data-end=\"280\">8:00 \u2013 16:00<\/strong><\/p>\n<p data-start=\"284\" data-end=\"391\">\ud83d\udcde <strong data-start=\"287\" data-end=\"299\">Telefon:<\/strong> <a href=\"tel:+48606357930\"><span style=\"color: white\"> +48 606 357 930 <\/span> <\/a><br data-start=\"328\" data-end=\"331\" \/>\ud83d\udce7 <strong data-start=\"334\" data-end=\"345\">E-mail:<\/strong> <a href=\"mailto:biuro@promgaz.pl\"><span style=\"color: white\">biuro@promgaz.pl<\/span><\/a><\/p>\n<p data-start=\"393\" data-end=\"457\">\ud83d\udce2 <strong data-start=\"396\" data-end=\"415\">Infolinia 24\/7:<\/strong><br data-start=\"415\" data-end=\"418\" \/>Zadzwo\u0144: <a href=\"tel:+48606357930\"> <span style=\"color: white\">+48 606 357 930<\/span><\/a><\/p>\n                            <\/div>\n\n                            \t\n                                <a class=\"el-news-link\" href=\"https:\/\/www.google.com\/maps\/place\/Promienniki+Gazowe+Sp.+z+o.o.+Polski+producent+Promiennik%C3%B3w+Gazowych\/@51.0771746,20.5500099,15z\/data=!4m6!3m5!1s0x47183416989a9f35:0x3aa97278f749f077!8m2!3d51.0771746!4d20.5500099!16s%2Fg%2F11hctlb7md\">Wskaz\u00f3wki dojazdu<i class=\"ei arrow_right\"><\/i><\/a>\n                                                    <\/div>\n\n                                            <\/div>\n                            <\/div>\n        \t\t<\/div>\n\t\t\t\t<\/div>\n\t\t\t\t\t\t<\/div>\n\t\t\t\t\t<\/div>\n\t\t<\/div>\n\t\t\t\t\t\t\t\t<\/div>\n\t\t\t\t\t<\/div>\n\t\t<\/section>\n\t\t\t\t<section class=\"elementor-section elementor-top-section elementor-element elementor-element-1a5e2d8a elementor-section-content-middle elementor-section-stretched elementor-section-boxed elementor-section-height-default elementor-section-height-default\" data-id=\"1a5e2d8a\" data-element_type=\"section\" data-settings=\"{&quot;background_background&quot;:&quot;classic&quot;,&quot;stretch_section&quot;:&quot;section-stretched&quot;,&quot;shape_divider_top&quot;:&quot;opacity-tilt&quot;,&quot;shape_divider_bottom&quot;:&quot;opacity-tilt&quot;}\">\n\t\t\t\t\t\t\t<div class=\"elementor-background-overlay\"><\/div>\n\t\t\t\t\t\t<div class=\"elementor-shape elementor-shape-top\" data-negative=\"false\">\n\t\t\t<svg xmlns=\"http:\/\/www.w3.org\/2000\/svg\" viewBox=\"0 0 2600 131.1\" preserveAspectRatio=\"none\">\n\t<path class=\"elementor-shape-fill\" d=\"M0 0L2600 0 2600 69.1 0 0z\"\/>\n\t<path class=\"elementor-shape-fill\" style=\"opacity:0.5\" d=\"M0 0L2600 0 2600 69.1 0 69.1z\"\/>\n\t<path class=\"elementor-shape-fill\" style=\"opacity:0.25\" d=\"M2600 0L0 0 0 130.1 2600 69.1z\"\/>\n<\/svg>\t\t<\/div>\n\t\t\t\t<div class=\"elementor-shape elementor-shape-bottom\" data-negative=\"false\">\n\t\t\t<svg xmlns=\"http:\/\/www.w3.org\/2000\/svg\" viewBox=\"0 0 2600 131.1\" preserveAspectRatio=\"none\">\n\t<path class=\"elementor-shape-fill\" d=\"M0 0L2600 0 2600 69.1 0 0z\"\/>\n\t<path class=\"elementor-shape-fill\" style=\"opacity:0.5\" d=\"M0 0L2600 0 2600 69.1 0 69.1z\"\/>\n\t<path class=\"elementor-shape-fill\" style=\"opacity:0.25\" d=\"M2600 0L0 0 0 130.1 2600 69.1z\"\/>\n<\/svg>\t\t<\/div>\n\t\t\t\t\t<div class=\"elementor-container elementor-column-gap-extended\">\n\t\t\t\t\t\t\t<div class=\"elementor-row\">\n\t\t\t\t\t<div class=\"elementor-column elementor-col-100 elementor-top-column elementor-element elementor-element-4f5a49e7\" data-id=\"4f5a49e7\" data-element_type=\"column\">\n\t\t\t<div class=\"elementor-column-wrap elementor-element-populated\">\n\t\t\t\t\t\t\t<div class=\"elementor-widget-wrap\">\n\t\t\t\t\t\t<section class=\"elementor-section elementor-inner-section elementor-element elementor-element-789f3e8 elementor-section-boxed elementor-section-height-default elementor-section-height-default\" data-id=\"789f3e8\" data-element_type=\"section\">\n\t\t\t\t\t\t<div class=\"elementor-container elementor-column-gap-default\">\n\t\t\t\t\t\t\t<div class=\"elementor-row\">\n\t\t\t\t\t<div class=\"elementor-column elementor-col-50 elementor-inner-column elementor-element elementor-element-a911358\" data-id=\"a911358\" data-element_type=\"column\">\n\t\t\t<div class=\"elementor-column-wrap elementor-element-populated\">\n\t\t\t\t\t\t\t<div class=\"elementor-widget-wrap\">\n\t\t\t\t\t\t<div class=\"elementor-element elementor-element-13b3f17 elementor-view-default elementor-widget elementor-widget-icon\" data-id=\"13b3f17\" data-element_type=\"widget\" data-widget_type=\"icon.default\">\n\t\t\t\t<div class=\"elementor-widget-container\">\n\t\t\t\t\t<div class=\"elementor-icon-wrapper\">\n\t\t\t<div class=\"elementor-icon\">\n\t\t\t<i aria-hidden=\"true\" class=\"mdi mdi-headset\"><\/i>\t\t\t<\/div>\n\t\t<\/div>\n\t\t\t\t<\/div>\n\t\t\t\t<\/div>\n\t\t\t\t\t\t<\/div>\n\t\t\t\t\t<\/div>\n\t\t<\/div>\n\t\t\t\t<div class=\"elementor-column elementor-col-50 elementor-inner-column elementor-element elementor-element-2ac0d8d\" data-id=\"2ac0d8d\" data-element_type=\"column\">\n\t\t\t<div class=\"elementor-column-wrap elementor-element-populated\">\n\t\t\t\t\t\t\t<div class=\"elementor-widget-wrap\">\n\t\t\t\t\t\t<div class=\"elementor-element elementor-element-4afd7307 elementor-widget elementor-widget-square-plus-heading\" data-id=\"4afd7307\" data-element_type=\"widget\" data-widget_type=\"square-plus-heading.default\">\n\t\t\t\t<div class=\"elementor-widget-container\">\n\t\t\t        <div class=\"el-section-title-tagline el-normal-title el-align-left\">\n            <div class=\"el-section-header\">\n                \n                                    <h2 class=\"el-section-title\">\n                    Obs\u0142uga klienta                    <\/h2>\n                            <\/div>\n\n                    <\/div>\n        \t\t<\/div>\n\t\t\t\t<\/div>\n\t\t\t\t\t\t<\/div>\n\t\t\t\t\t<\/div>\n\t\t<\/div>\n\t\t\t\t\t\t\t\t<\/div>\n\t\t\t\t\t<\/div>\n\t\t<\/section>\n\t\t\t\t<div class=\"elementor-element elementor-element-684f41fa elementor-widget elementor-widget-square-plus-testimonial-carousel\" data-id=\"684f41fa\" data-element_type=\"widget\" data-widget_type=\"square-plus-testimonial-carousel.default\">\n\t\t\t\t<div class=\"elementor-widget-container\">\n\t\t\t            <div class=\"el-testimonial-carousel owl-carousel\" data-params='{\"items\":2,\"items_tablet\":2,\"items_mobile\":1,\"margin\":0,\"margin_tablet\":0,\"margin_mobile\":0,\"autoplay\":true,\"pause_on_hover\":true,\"loop\":true,\"speed\":500,\"dots\":true,\"pause\":5000}'>\n                                    <div class=\"el-testimonial-box el-round\">\n                        <div class=\"el-testimonial-footer\">\n                            <img decoding=\"async\" src=\"https:\/\/promgaz.pl\/wp-content\/uploads\/2023\/02\/cropped-Logo-PG_fiv.png\" title=\"cropped-Logo-PG_fiv.png\" alt=\"cropped-Logo-PG_fiv.png\" loading=\"lazy\" \/>\n                            <h5 class=\"el-testimonial-title\">Biuro \/ Serwis <\/h5>\n                            <div class=\"designation\">Zapytania sprzeda\u017cowe i serwisowe<\/div>\n                        <\/div>\n\n                        <div class=\"el-testimonial-excerpt\">\n                            <a href=\"tel:\">\u260e <\/a><br>\n<b>Sprzeda\u017cowe<\/b><br>\n<a href=\"mailto:biuro@promgaz.pl\">\u2709\u00a0biuro@promgaz.pl<\/a><br>\n<b>Serwisowe<\/b><br>\n<a href=\"mailto:serwis@promgaz.pl\">\u2709\u00a0serwis@promgaz.pl<\/a><br>\n\n\n\n                        <\/div>\n                    <\/div>\n                                    <div class=\"el-testimonial-box el-round\">\n                        <div class=\"el-testimonial-footer\">\n                            <img decoding=\"async\" src=\"https:\/\/promgaz.pl\/wp-content\/uploads\/2023\/04\/vecteezy_illustration-of-human-icon-vector-user-symbol-icon-modern_8442086.jpg\" title=\"promienniki gazowe\" alt=\"promienniki gazowe\" loading=\"lazy\" \/>\n                            <h5 class=\"el-testimonial-title\">Jacek Szmidt<\/h5>\n                            <div class=\"designation\">Prezes Zarz\u0105du<\/div>\n                        <\/div>\n\n                        <div class=\"el-testimonial-excerpt\">\n                            <a href=\"tel:+48539453324\">\u260e\u00a0+48 539 453 324<\/a>\n<br>\n<a href=\"mailto:j.szmidt@promgaz.pl\">\u2709\u00a0j.szmidt@promgaz.pl <\/a>\n                        <\/div>\n                    <\/div>\n                                    <div class=\"el-testimonial-box el-round\">\n                        <div class=\"el-testimonial-footer\">\n                            <img decoding=\"async\" src=\"https:\/\/promgaz.pl\/wp-content\/uploads\/2023\/04\/18991898.jpg\" title=\"18991898\" alt=\"User Icon Vector Female Person Symbol Profile Avatar Sign in Flat Color Glyph Pictogram illustration\" loading=\"lazy\" \/>\n                            <h5 class=\"el-testimonial-title\">Krystyna G\u0119bska<\/h5>\n                            <div class=\"designation\">Mened\u017cer\u00a0sprzeda\u017cy<\/div>\n                        <\/div>\n\n                        <div class=\"el-testimonial-excerpt\">\n                            \n\n\n\u00a0<a href=\"tel:+48606357930\">\u260e +48 606 357 930<\/a>\n<br>\n<a href=\"mailto:k.gebska@promgaz.pl\">\u2709Biuro@promgaz.pl<\/a><br>                        <\/div>\n                    <\/div>\n                                    <div class=\"el-testimonial-box el-round\">\n                        <div class=\"el-testimonial-footer\">\n                            <img decoding=\"async\" src=\"https:\/\/promgaz.pl\/wp-content\/uploads\/2023\/04\/vecteezy_illustration-of-human-icon-vector-user-symbol-icon-modern_8442086.jpg\" title=\"promienniki gazowe\" alt=\"promienniki gazowe\" loading=\"lazy\" \/>\n                            <h5 class=\"el-testimonial-title\">Karol Socha<\/h5>\n                            <div class=\"designation\">Obs\u0142uga klienta<\/div>\n                        <\/div>\n\n                        <div class=\"el-testimonial-excerpt\">\n                            <a href=\"mailto:\u2709  k.socha@promgaz.pl\">\u2709  k.socha@promgaz.pl<\/a><br>                        <\/div>\n                    <\/div>\n                            <\/div>\n            \t\t<\/div>\n\t\t\t\t<\/div>\n\t\t\t\t\t\t<\/div>\n\t\t\t\t\t<\/div>\n\t\t<\/div>\n\t\t\t\t\t\t\t\t<\/div>\n\t\t\t\t\t<\/div>\n\t\t<\/section>\n\t\t\t\t<section class=\"elementor-section elementor-top-section elementor-element elementor-element-4a931d28 elementor-section-stretched elementor-section-boxed elementor-section-height-default elementor-section-height-default\" data-id=\"4a931d28\" data-element_type=\"section\" data-settings=\"{&quot;background_background&quot;:&quot;classic&quot;,&quot;stretch_section&quot;:&quot;section-stretched&quot;}\">\n\t\t\t\t\t\t<div class=\"elementor-container elementor-column-gap-default\">\n\t\t\t\t\t\t\t<div class=\"elementor-row\">\n\t\t\t\t\t<div class=\"elementor-column elementor-col-100 elementor-top-column elementor-element elementor-element-1125a9ad\" data-id=\"1125a9ad\" data-element_type=\"column\">\n\t\t\t<div class=\"elementor-column-wrap elementor-element-populated\">\n\t\t\t\t\t\t\t<div class=\"elementor-widget-wrap\">\n\t\t\t\t\t\t<div class=\"elementor-element elementor-element-32f018d2 elementor-widget elementor-widget-square-plus-heading\" data-id=\"32f018d2\" data-element_type=\"widget\" data-widget_type=\"square-plus-heading.default\">\n\t\t\t\t<div class=\"elementor-widget-container\">\n\t\t\t        <div class=\"el-section-title-tagline el-normal-title el-align-center\">\n            <div class=\"el-section-header\">\n                \n                                    <h2 class=\"el-section-title\">\n                    dane bankowe                    <\/h2>\n                            <\/div>\n\n                    <\/div>\n        \t\t<\/div>\n\t\t\t\t<\/div>\n\t\t\t\t<div class=\"elementor-element elementor-element-60046914 elementor-widget elementor-widget-square-plus-content-slider\" data-id=\"60046914\" data-element_type=\"widget\" data-widget_type=\"square-plus-content-slider.default\">\n\t\t\t\t<div class=\"elementor-widget-container\">\n\t\t\t        <div class=\"el-style2 el-news-wrap owl-carousel el-clearfix\" data-params='{\"autoplay\":true,\"pause_on_hover\":true,\"loop\":true,\"speed\":500,\"pause\":5000}'>\n                                <div class=\"el-news\">\n                                                    <div class=\"el-news-image\">\n                                <img decoding=\"async\" src=\"https:\/\/promgaz.pl\/wp-content\/uploads\/2023\/04\/vecteezy_people-sending-money-online-via-easy-banking-on-cellphones_13215247.jpg\" title=\"vecteezy_people-sending-money-online-via-easy-banking-on-cellphones_13215247\" alt=\"vecteezy_people-sending-money-online-via-easy-banking-on-cellphones_13215247\" loading=\"lazy\" \/>                            <\/div>\n                        \n                        <div class=\"el-news-content\">\n                            <h5 class=\"el-news-title\"><\/h5>\n\n                            <div class=\"el-news-text\">\n                                <p><strong>Numer rachunku:\u00a0<\/strong> 73 1090 2590 0000 0001 4799 5657<\/p>\n<p><strong>Nazwa banku: <\/strong>SANTANDER BANK\u00a0<\/p>\n<p><strong>BIC\/SWIFT: <\/strong>WBKPPLPP<\/p>\n                            <\/div>\n\n                                                    <\/div>\n\n                                            <\/div>\n                            <\/div>\n        \t\t<\/div>\n\t\t\t\t<\/div>\n\t\t\t\t\t\t<\/div>\n\t\t\t\t\t<\/div>\n\t\t<\/div>\n\t\t\t\t\t\t\t\t<\/div>\n\t\t\t\t\t<\/div>\n\t\t<\/section>\n\t\t\t\t\t\t\t\t\t<\/div>\n\t\t\t<\/div>\n\t\t\t\t\t<\/div>\n\t\t","protected":false},"excerpt":{"rendered":"<p>Je\u015bli chcesz ogrza\u0107 hal\u0119, warsztat, magazyn&#8230;. i potrzebujesz precyzyjnie dobra\u0107 urz\u0105dzenia, nie czekaj &#8211; napisz lub zadzwo\u0144! Z pe\u0142nym zaufaniem i odpowiedzialno\u015bci\u0105 zajmiemy si\u0119 reszt\u0105. Gwarantujemy, \u017ce dobierzemy najlepsze rozwi\u0105zanie, kt\u00f3re spe\u0142ni wszystkie Twoje oczekiwania. Promienniki Gazowe Sp. z o .o. Adres:Krasna 49, 26-220 St\u0105pork\u00f3wWojew\u00f3dztwo: \u015awi\u0119tokrzyskie Dane firmy:NIP: 6581956972REGON: 260358540 \ud83d\udcc5 Godziny pracy:Poniedzia\u0142ek \u2013 Pi\u0105tek: [&hellip;]<\/p>\n","protected":false},"author":1,"featured_media":0,"parent":0,"menu_order":0,"comment_status":"closed","ping_status":"closed","template":"","meta":{"footnotes":""},"class_list":["post-42","page","type-page","status-publish","hentry"],"_links":{"self":[{"href":"https:\/\/promgaz.pl\/index.php\/wp-json\/wp\/v2\/pages\/42","targetHints":{"allow":["GET"]}}],"collection":[{"href":"https:\/\/promgaz.pl\/index.php\/wp-json\/wp\/v2\/pages"}],"about":[{"href":"https:\/\/promgaz.pl\/index.php\/wp-json\/wp\/v2\/types\/page"}],"author":[{"embeddable":true,"href":"https:\/\/promgaz.pl\/index.php\/wp-json\/wp\/v2\/users\/1"}],"replies":[{"embeddable":true,"href":"https:\/\/promgaz.pl\/index.php\/wp-json\/wp\/v2\/comments?post=42"}],"version-history":[{"count":183,"href":"https:\/\/promgaz.pl\/index.php\/wp-json\/wp\/v2\/pages\/42\/revisions"}],"predecessor-version":[{"id":2167,"href":"https:\/\/promgaz.pl\/index.php\/wp-json\/wp\/v2\/pages\/42\/revisions\/2167"}],"wp:attachment":[{"href":"https:\/\/promgaz.pl\/index.php\/wp-json\/wp\/v2\/media?parent=42"}],"curies":[{"name":"wp","href":"https:\/\/api.w.org\/{rel}","templated":true}]}}