{"id":2381,"date":"2025-03-19T18:12:52","date_gmt":"2025-03-19T17:12:52","guid":{"rendered":"https:\/\/promgaz.pl\/?page_id=2381"},"modified":"2026-04-16T15:58:38","modified_gmt":"2026-04-16T13:58:38","slug":"uslugi","status":"publish","type":"page","link":"https:\/\/promgaz.pl\/index.php\/produkty\/uslugi\/","title":{"rendered":"Us\u0142ugi"},"content":{"rendered":"\t\t<div data-elementor-type=\"wp-post\" data-elementor-id=\"2381\" class=\"elementor elementor-2381\">\n\t\t\t\t\t\t<div class=\"elementor-inner\">\n\t\t\t\t<div class=\"elementor-section-wrap\">\n\t\t\t\t\t\t\t\t\t<section class=\"elementor-section elementor-top-section elementor-element elementor-element-dee208c elementor-section-stretched elementor-section-boxed elementor-section-height-default elementor-section-height-default\" data-id=\"dee208c\" data-element_type=\"section\" data-settings=\"{&quot;stretch_section&quot;:&quot;section-stretched&quot;,&quot;background_background&quot;:&quot;classic&quot;}\">\n\t\t\t\t\t\t<div class=\"elementor-container elementor-column-gap-default\">\n\t\t\t\t\t\t\t<div class=\"elementor-row\">\n\t\t\t\t\t<div class=\"elementor-column elementor-col-100 elementor-top-column elementor-element elementor-element-39986b5\" data-id=\"39986b5\" data-element_type=\"column\">\n\t\t\t<div class=\"elementor-column-wrap elementor-element-populated\">\n\t\t\t\t\t\t\t<div class=\"elementor-widget-wrap\">\n\t\t\t\t\t\t<div class=\"elementor-element elementor-element-adce5db elementor-widget elementor-widget-square-plus-heading\" data-id=\"adce5db\" data-element_type=\"widget\" data-widget_type=\"square-plus-heading.default\">\n\t\t\t\t<div class=\"elementor-widget-container\">\n\t\t\t        <div class=\"el-section-title-tagline el-normal-title-multi-sep el-align-center\">\n            <div class=\"el-section-header\">\n                \n                                    <h2 class=\"el-section-title\">\n                    Dlaczego warto skorzysta\u0107 z nszych us\u0142ug?                    <\/h2>\n                            <\/div>\n\n                            <div class=\"el-section-subtitle\">\n                    <p><b>Kompleksowa realizacja projekt\u00f3w <\/b><br \/>mo\u017cesz zg\u0142osi\u0107 si\u0119 do nas z gotowym projektem lub skorzysta\u0107 z naszej pomocy przy jego stworzeniu, wykorzystujemy profesjonalne oprogramowanie, by dok\u0142adnie odwzorowa\u0107 Twoje potrzeby.<br \/>\n<b>Szeroki wachlarz us\u0142ug<\/b> <br \/> dzi\u0119ki naszemu do\u015bwiadczeniu jeste\u015bmy w stanie realizowa\u0107 r\u00f3\u017cnorodne projekty, <br \/> np. produkcj\u0119 szafek gazowych, obud\u00f3w maszyn, r\u00f3\u017cnego rodzaju stojak\u00f3w, szafek na narz\u0119dzia przemys\u0142owe, stela\u017cy czy innych konstrukcji metalowych.<br \/>\n<b>Jako\u015b\u0107, terminowo\u015b\u0107, konkurencyjne ceny<\/b> <br \/>naszym celem jest zawsze dostarczenie produkt\u00f3w najwy\u017cszej jako\u015bci, zgodnie z ustalonym terminem i w atrakcyjnej cenie.<\/p>\n                <\/div>\n                    <\/div>\n        \t\t<\/div>\n\t\t\t\t<\/div>\n\t\t\t\t\t\t<\/div>\n\t\t\t\t\t<\/div>\n\t\t<\/div>\n\t\t\t\t\t\t\t\t<\/div>\n\t\t\t\t\t<\/div>\n\t\t<\/section>\n\t\t<div class=\"elementor-element elementor-element-390ec74 e-flex e-con-boxed e-con\" data-id=\"390ec74\" data-element_type=\"container\" data-settings=\"{&quot;content_width&quot;:&quot;boxed&quot;}\">\n\t\t\t\t\t<div class=\"e-con-inner\">\n\t\t<div class=\"elementor-element elementor-element-8a8cf02 e-con-full e-flex e-con\" data-id=\"8a8cf02\" data-element_type=\"container\" data-settings=\"{&quot;content_width&quot;:&quot;full&quot;}\">\n\t\t\t\t<div class=\"elementor-element elementor-element-f9f6ad1 elementor-widget elementor-widget-square-plus-team-block\" data-id=\"f9f6ad1\" data-element_type=\"widget\" data-widget_type=\"square-plus-team-block.default\">\n\t\t\t\t<div class=\"elementor-widget-container\">\n\t\t\t        <div class=\"el-team-member el-style3\">\n\n            <div class=\"el-team-member-inner\">\n                <div class=\"el-team-image\">\n                    <img loading=\"lazy\" decoding=\"async\" width=\"350\" height=\"420\" src=\"https:\/\/promgaz.pl\/wp-content\/uploads\/2026\/04\/1000066051-350x420.jpg\" class=\"attachment-square-plus-350x420 size-square-plus-350x420 wp-image-3040\" alt=\"profesjonalny serwis promiennik\u00f3w ceramicznych\" \/>\n                                            <div class=\"el-team-image-overlay\">\n                            <div class=\"el-team-image-overlay-inner\">\n                                            <a class=\"el-team-detail\" href=\"https:\/\/promgaz.pl\/index.php\/serwis-gazowy\/\" >\n                Dowiedz si\u0119 wi\u0119cej \n                <span class=\"el-team-detail-icon\"><svg aria-hidden=\"true\" class=\"e-font-icon-svg e-far-clone\" viewBox=\"0 0 512 512\" xmlns=\"http:\/\/www.w3.org\/2000\/svg\"><path d=\"M464 0H144c-26.51 0-48 21.49-48 48v48H48c-26.51 0-48 21.49-48 48v320c0 26.51 21.49 48 48 48h320c26.51 0 48-21.49 48-48v-48h48c26.51 0 48-21.49 48-48V48c0-26.51-21.49-48-48-48zM362 464H54a6 6 0 0 1-6-6V150a6 6 0 0 1 6-6h42v224c0 26.51 21.49 48 48 48h224v42a6 6 0 0 1-6 6zm96-96H150a6 6 0 0 1-6-6V54a6 6 0 0 1 6-6h308a6 6 0 0 1 6 6v308a6 6 0 0 1-6 6z\"><\/path><\/svg><\/span>\n            <\/a>\n            <div class=\"el-team-social-id\"><a title=\"Wi\u0119cej\" href=\"https:\/\/promgaz.pl\/index.php\/serwis-gazowy\/\" target=\"_blank\"><svg aria-hidden=\"true\" class=\"e-font-icon-svg e-fas-arrow-right\" viewBox=\"0 0 448 512\" xmlns=\"http:\/\/www.w3.org\/2000\/svg\"><path d=\"M190.5 66.9l22.2-22.2c9.4-9.4 24.6-9.4 33.9 0L441 239c9.4 9.4 9.4 24.6 0 33.9L246.6 467.3c-9.4 9.4-24.6 9.4-33.9 0l-22.2-22.2c-9.5-9.5-9.3-25 .4-34.3L311.4 296H24c-13.3 0-24-10.7-24-24v-32c0-13.3 10.7-24 24-24h287.4L190.9 101.2c-9.8-9.3-10-24.8-.4-34.3z\"><\/path><\/svg><\/a><\/div>                            <\/div>\n                        <\/div>\n                                    <\/div>\n\n                <div class=\"el-team-content\">\n                    <div class=\"el-team-member-excerpt\">\n                        <div class=\"el-team-member-span\">\n                            <h5 class=\"el-team-member-title\">Serwis gazowy<\/h5>\n\n                                                    <\/div>\n                    <\/div>\n                <\/div>\n            <\/div>\n        <\/div>\n\n        \t\t<\/div>\n\t\t\t\t<\/div>\n\t\t\t\t<\/div>\n\t\t<div class=\"elementor-element elementor-element-3445183 e-con-full e-flex e-con\" data-id=\"3445183\" data-element_type=\"container\" data-settings=\"{&quot;content_width&quot;:&quot;full&quot;}\">\n\t\t\t\t<div class=\"elementor-element elementor-element-3df7097 elementor-widget elementor-widget-square-plus-team-block\" data-id=\"3df7097\" data-element_type=\"widget\" data-widget_type=\"square-plus-team-block.default\">\n\t\t\t\t<div class=\"elementor-widget-container\">\n\t\t\t        <div class=\"el-team-member el-style3\">\n\n            <div class=\"el-team-member-inner\">\n                <div class=\"el-team-image\">\n                    <img loading=\"lazy\" decoding=\"async\" width=\"350\" height=\"420\" src=\"https:\/\/promgaz.pl\/wp-content\/uploads\/2025\/03\/DALL\u00b7E-2025-03-19-17.33.36-A-modern-smart-home-heating-control-system-interface-displayed-on-a-tablet-or-smartphone.-The-screen-shows-temperature-settings-energy-efficiency-sta-350x420.webp\" class=\"attachment-square-plus-350x420 size-square-plus-350x420 wp-image-2354\" alt=\"steruj ogrzewaniem\" \/>\n                                            <div class=\"el-team-image-overlay\">\n                            <div class=\"el-team-image-overlay-inner\">\n                                            <a class=\"el-team-detail\" href=\"https:\/\/promgaz.pl\/index.php\/sterowanie-ogrzewaniem\/\" >\n                Dowiedz si\u0119 wi\u0119cej \n                <span class=\"el-team-detail-icon\"><svg aria-hidden=\"true\" class=\"e-font-icon-svg e-far-clone\" viewBox=\"0 0 512 512\" xmlns=\"http:\/\/www.w3.org\/2000\/svg\"><path d=\"M464 0H144c-26.51 0-48 21.49-48 48v48H48c-26.51 0-48 21.49-48 48v320c0 26.51 21.49 48 48 48h320c26.51 0 48-21.49 48-48v-48h48c26.51 0 48-21.49 48-48V48c0-26.51-21.49-48-48-48zM362 464H54a6 6 0 0 1-6-6V150a6 6 0 0 1 6-6h42v224c0 26.51 21.49 48 48 48h224v42a6 6 0 0 1-6 6zm96-96H150a6 6 0 0 1-6-6V54a6 6 0 0 1 6-6h308a6 6 0 0 1 6 6v308a6 6 0 0 1-6 6z\"><\/path><\/svg><\/span>\n            <\/a>\n            <div class=\"el-team-social-id\"><a title=\"Wi\u0119cej\" href=\"https:\/\/promgaz.pl\/index.php\/sterowanie-ogrzewaniem\/\" target=\"_blank\"><svg aria-hidden=\"true\" class=\"e-font-icon-svg e-fas-arrow-right\" viewBox=\"0 0 448 512\" xmlns=\"http:\/\/www.w3.org\/2000\/svg\"><path d=\"M190.5 66.9l22.2-22.2c9.4-9.4 24.6-9.4 33.9 0L441 239c9.4 9.4 9.4 24.6 0 33.9L246.6 467.3c-9.4 9.4-24.6 9.4-33.9 0l-22.2-22.2c-9.5-9.5-9.3-25 .4-34.3L311.4 296H24c-13.3 0-24-10.7-24-24v-32c0-13.3 10.7-24 24-24h287.4L190.9 101.2c-9.8-9.3-10-24.8-.4-34.3z\"><\/path><\/svg><\/a><\/div>                            <\/div>\n                        <\/div>\n                                    <\/div>\n\n                <div class=\"el-team-content\">\n                    <div class=\"el-team-member-excerpt\">\n                        <div class=\"el-team-member-span\">\n                            <h5 class=\"el-team-member-title\">Sterowanie ogrzewaniem<\/h5>\n\n                                                    <\/div>\n                    <\/div>\n                <\/div>\n            <\/div>\n        <\/div>\n\n        \t\t<\/div>\n\t\t\t\t<\/div>\n\t\t\t\t<\/div>\n\t\t\t\t\t<\/div>\n\t\t\t\t<\/div>\n\t\t\t\t<section class=\"elementor-section elementor-top-section elementor-element elementor-element-9ebaf09 elementor-section-stretched elementor-section-boxed elementor-section-height-default elementor-section-height-default\" data-id=\"9ebaf09\" data-element_type=\"section\" data-settings=\"{&quot;stretch_section&quot;:&quot;section-stretched&quot;,&quot;background_background&quot;:&quot;classic&quot;}\">\n\t\t\t\t\t\t<div class=\"elementor-container elementor-column-gap-default\">\n\t\t\t\t\t\t\t<div class=\"elementor-row\">\n\t\t\t\t\t<div class=\"elementor-column elementor-col-100 elementor-top-column elementor-element elementor-element-7ae1c44\" data-id=\"7ae1c44\" data-element_type=\"column\">\n\t\t\t<div class=\"elementor-column-wrap elementor-element-populated\">\n\t\t\t\t\t\t\t<div class=\"elementor-widget-wrap\">\n\t\t\t\t\t\t<div class=\"elementor-element elementor-element-ff911bc elementor-widget__width-initial elementor-widget elementor-widget-text-editor\" data-id=\"ff911bc\" data-element_type=\"widget\" data-widget_type=\"text-editor.default\">\n\t\t\t\t<div class=\"elementor-widget-container\">\n\t\t\t<style>\/*! elementor - v3.14.0 - 18-06-2023 *\/\n.elementor-widget-text-editor.elementor-drop-cap-view-stacked .elementor-drop-cap{background-color:#69727d;color:#fff}.elementor-widget-text-editor.elementor-drop-cap-view-framed .elementor-drop-cap{color:#69727d;border:3px solid;background-color:transparent}.elementor-widget-text-editor:not(.elementor-drop-cap-view-default) .elementor-drop-cap{margin-top:8px}.elementor-widget-text-editor:not(.elementor-drop-cap-view-default) .elementor-drop-cap-letter{width:1em;height:1em}.elementor-widget-text-editor .elementor-drop-cap{float:left;text-align:center;line-height:1;font-size:50px}.elementor-widget-text-editor .elementor-drop-cap-letter{display:inline-block}<\/style>\t\t\t\t\t<div class=\"elementor-text-editor elementor-clearfix\">\n\t\t\t\t<p style=\"text-align: center;\">Niezale\u017cnie od tego, czy potrzebujesz skomplikowanego detalu, prototypu, ma\u0142ej serii czy pojedynczego elementu \u2013 nasza firma dostosuje ofert\u0119 do Twoich wymaga\u0144.<\/p><p style=\"text-align: center;\">Skontaktuj si\u0119 z nami ju\u017c dzi\u015b i sprawd\u017a, jak mo\u017cemy wsp\u00f3lnie zrealizowa\u0107 Tw\u00f3j projekt!<\/p>\t\t\t\t\t<\/div>\n\t\t\t\t\t\t<\/div>\n\t\t\t\t<\/div>\n\t\t\t\t<div class=\"elementor-element elementor-element-cc7b8d3 elementor-button-info elementor-align-center elementor-widget elementor-widget-button\" data-id=\"cc7b8d3\" data-element_type=\"widget\" data-widget_type=\"button.default\">\n\t\t\t\t<div class=\"elementor-widget-container\">\n\t\t\t\t\t<div class=\"elementor-button-wrapper\">\n\t\t\t<a class=\"elementor-button elementor-button-link elementor-size-md\" href=\"https:\/\/promgaz.pl\/index.php\/kontakt\/\" target=\"_blank\">\n\t\t\t\t\t\t<span class=\"elementor-button-content-wrapper\">\n\t\t\t\t\t\t<span class=\"elementor-button-icon elementor-align-icon-left\">\n\t\t\t\t<i aria-hidden=\"true\" class=\"icofont icofont-send-mail\"><\/i>\t\t\t<\/span>\n\t\t\t\t\t\t<span class=\"elementor-button-text\">Skontaktuj si\u0119 z nami<\/span>\n\t\t<\/span>\n\t\t\t\t\t<\/a>\n\t\t<\/div>\n\t\t\t\t<\/div>\n\t\t\t\t<\/div>\n\t\t\t\t\t\t<\/div>\n\t\t\t\t\t<\/div>\n\t\t<\/div>\n\t\t\t\t\t\t\t\t<\/div>\n\t\t\t\t\t<\/div>\n\t\t<\/section>\n\t\t\t\t\t\t\t\t\t<\/div>\n\t\t\t<\/div>\n\t\t\t\t\t<\/div>\n\t\t","protected":false},"excerpt":{"rendered":"<p>Dlaczego warto skorzysta\u0107 z nszych us\u0142ug? Kompleksowa realizacja projekt\u00f3w mo\u017cesz zg\u0142osi\u0107 si\u0119 do nas z gotowym projektem lub skorzysta\u0107 z naszej pomocy przy jego stworzeniu, wykorzystujemy profesjonalne oprogramowanie, by dok\u0142adnie odwzorowa\u0107 Twoje potrzeby. Szeroki wachlarz us\u0142ug dzi\u0119ki naszemu do\u015bwiadczeniu jeste\u015bmy w stanie realizowa\u0107 r\u00f3\u017cnorodne projekty, np. produkcj\u0119 szafek gazowych, obud\u00f3w maszyn, r\u00f3\u017cnego rodzaju stojak\u00f3w, szafek [&hellip;]<\/p>\n","protected":false},"author":1,"featured_media":0,"parent":44,"menu_order":0,"comment_status":"closed","ping_status":"closed","template":"elementor_theme","meta":{"footnotes":""},"class_list":["post-2381","page","type-page","status-publish","hentry"],"_links":{"self":[{"href":"https:\/\/promgaz.pl\/index.php\/wp-json\/wp\/v2\/pages\/2381","targetHints":{"allow":["GET"]}}],"collection":[{"href":"https:\/\/promgaz.pl\/index.php\/wp-json\/wp\/v2\/pages"}],"about":[{"href":"https:\/\/promgaz.pl\/index.php\/wp-json\/wp\/v2\/types\/page"}],"author":[{"embeddable":true,"href":"https:\/\/promgaz.pl\/index.php\/wp-json\/wp\/v2\/users\/1"}],"replies":[{"embeddable":true,"href":"https:\/\/promgaz.pl\/index.php\/wp-json\/wp\/v2\/comments?post=2381"}],"version-history":[{"count":29,"href":"https:\/\/promgaz.pl\/index.php\/wp-json\/wp\/v2\/pages\/2381\/revisions"}],"predecessor-version":[{"id":3046,"href":"https:\/\/promgaz.pl\/index.php\/wp-json\/wp\/v2\/pages\/2381\/revisions\/3046"}],"up":[{"embeddable":true,"href":"https:\/\/promgaz.pl\/index.php\/wp-json\/wp\/v2\/pages\/44"}],"wp:attachment":[{"href":"https:\/\/promgaz.pl\/index.php\/wp-json\/wp\/v2\/media?parent=2381"}],"curies":[{"name":"wp","href":"https:\/\/api.w.org\/{rel}","templated":true}]}}