{"id":2294,"date":"2025-03-18T21:51:49","date_gmt":"2025-03-18T20:51:49","guid":{"rendered":"https:\/\/promgaz.pl\/?page_id=2294"},"modified":"2026-04-15T08:34:37","modified_gmt":"2026-04-15T06:34:37","slug":"nagrzewnice-cennik","status":"publish","type":"page","link":"https:\/\/promgaz.pl\/index.php\/nagrzewnice-cennik\/","title":{"rendered":"Nagrzewnice GH &#8211; cennik"},"content":{"rendered":"\t\t<div data-elementor-type=\"wp-post\" data-elementor-id=\"2294\" class=\"elementor elementor-2294\">\n\t\t\t\t\t\t<div class=\"elementor-inner\">\n\t\t\t\t<div class=\"elementor-section-wrap\">\n\t\t\t\t\t\t\t\t\t<section class=\"elementor-section elementor-top-section elementor-element elementor-element-6625384 elementor-section-boxed elementor-section-height-default elementor-section-height-default\" data-id=\"6625384\" data-element_type=\"section\">\n\t\t\t\t\t\t<div class=\"elementor-container elementor-column-gap-default\">\n\t\t\t\t\t\t\t<div class=\"elementor-row\">\n\t\t\t\t\t<div class=\"elementor-column elementor-col-100 elementor-top-column elementor-element elementor-element-97f6efd\" data-id=\"97f6efd\" data-element_type=\"column\">\n\t\t\t<div class=\"elementor-column-wrap elementor-element-populated\">\n\t\t\t\t\t\t\t<div class=\"elementor-widget-wrap\">\n\t\t\t\t\t\t<div class=\"elementor-element elementor-element-386c72d elementor-widget elementor-widget-heading\" data-id=\"386c72d\" data-element_type=\"widget\" data-widget_type=\"heading.default\">\n\t\t\t\t<div class=\"elementor-widget-container\">\n\t\t\t<style>\/*! elementor - v3.14.0 - 18-06-2023 *\/\n.elementor-heading-title{padding:0;margin:0;line-height:1}.elementor-widget-heading .elementor-heading-title[class*=elementor-size-]>a{color:inherit;font-size:inherit;line-height:inherit}.elementor-widget-heading .elementor-heading-title.elementor-size-small{font-size:15px}.elementor-widget-heading .elementor-heading-title.elementor-size-medium{font-size:19px}.elementor-widget-heading .elementor-heading-title.elementor-size-large{font-size:29px}.elementor-widget-heading .elementor-heading-title.elementor-size-xl{font-size:39px}.elementor-widget-heading .elementor-heading-title.elementor-size-xxl{font-size:59px}<\/style><h2 class=\"elementor-heading-title elementor-size-default\">Nagrzewnice Gazowe GH<\/h2>\t\t<\/div>\n\t\t\t\t<\/div>\n\t\t\t\t\t\t<\/div>\n\t\t\t\t\t<\/div>\n\t\t<\/div>\n\t\t\t\t\t\t\t\t<\/div>\n\t\t\t\t\t<\/div>\n\t\t<\/section>\n\t\t\t\t<section class=\"elementor-section elementor-top-section elementor-element elementor-element-c586e15 elementor-section-boxed elementor-section-height-default elementor-section-height-default\" data-id=\"c586e15\" data-element_type=\"section\">\n\t\t\t\t\t\t<div class=\"elementor-container elementor-column-gap-default\">\n\t\t\t\t\t\t\t<div class=\"elementor-row\">\n\t\t\t\t\t<div class=\"elementor-column elementor-col-100 elementor-top-column elementor-element elementor-element-cf628bd\" data-id=\"cf628bd\" data-element_type=\"column\">\n\t\t\t<div class=\"elementor-column-wrap elementor-element-populated\">\n\t\t\t\t\t\t\t<div class=\"elementor-widget-wrap\">\n\t\t\t\t\t\t<div class=\"elementor-element elementor-element-ed4c914 elementor-widget elementor-widget-square-plus-content-slider\" data-id=\"ed4c914\" data-element_type=\"widget\" data-widget_type=\"square-plus-content-slider.default\">\n\t\t\t\t<div class=\"elementor-widget-container\">\n\t\t\t        <div class=\"el-style1 el-news-wrap owl-carousel el-clearfix\" data-params='{\"autoplay\":true,\"pause_on_hover\":true,\"loop\":true,\"speed\":500,\"pause\":5000}'>\n                                <div class=\"el-news\">\n                        \n                        <div class=\"el-news-content\">\n                            <h5 class=\"el-news-title\"><p id=\"gh\">Nagrzewnica Gazowa  GH 0618<\/p><\/h5>\n\n                            <div class=\"el-news-text\">\n                                <p><strong>Rodzaj gazu:<\/strong> Gaz Ziemny | Propan-Butan<br \/><strong>Moc nominalna: <\/strong>18 kW<br \/><strong>Zu\u017cycie gazu: <\/strong>1,8m3 | 1,2 kg\/h<br \/><strong>Ci\u015bnienie robocze gazu: <\/strong>17 mbar | 37 mbar<br \/><strong>Waga: <\/strong>45 kg<br \/><strong>Wymiary [ wys.\/szer.\/g\u0142.]: <\/strong>55x77x61 cm<br \/><strong>\u015arednica komina: \u00a0<\/strong>6 cm wylot 10 cm wlot<br \/><strong>Sprawno\u015b\u0107 cieplna: <\/strong>83%<br \/><strong>Zasilanie: <\/strong>230V<br \/><strong>Cena brutto:<\/strong> 7.500,00 z\u0142<\/p>\n                            <\/div>\n\n                            \t\n                                <a class=\"el-news-link\" href=\"\">6.097,56 z\u0142 \/ netto<i class=\"ei arrow_right\"><\/i><\/a>\n                                                    <\/div>\n\n                                                    <div class=\"el-news-image\">\n                                <img decoding=\"async\" src=\"https:\/\/promgaz.pl\/wp-content\/uploads\/2023\/04\/3043.jpg\" title=\"nagrzewnica_gazowa\" alt=\"GH 0618\" loading=\"lazy\" \/>                            <\/div>\n                                            <\/div>\n                            <\/div>\n        \t\t<\/div>\n\t\t\t\t<\/div>\n\t\t\t\t<div class=\"elementor-element elementor-element-c65b859 elementor-hidden-desktop elementor-hidden-tablet elementor-hidden-mobile elementor-widget elementor-widget-square-plus-content-slider\" data-id=\"c65b859\" data-element_type=\"widget\" data-widget_type=\"square-plus-content-slider.default\">\n\t\t\t\t<div class=\"elementor-widget-container\">\n\t\t\t        <div class=\"el-style1 el-news-wrap owl-carousel el-clearfix\" data-params='{\"autoplay\":true,\"pause_on_hover\":true,\"loop\":true,\"speed\":500,\"pause\":5000}'>\n                                <div class=\"el-news\">\n                        \n                        <div class=\"el-news-content\">\n                            <h5 class=\"el-news-title\">Nagrzewnica Gazowa  GH 0825<\/h5>\n\n                            <div class=\"el-news-text\">\n                                <p><strong>Rodzaj gazu:<\/strong> Gaz Ziemny | Propan-Butan<br \/><strong>Moc nominalna: <\/strong>25 kW<br \/><strong>Zu\u017cycie gazu: <\/strong>2,6 m3 | 1,5 kg\/h<br \/><strong>Ci\u015bnienie robocze gazu: <\/strong>17 mbar | 37 mbar<br \/><strong>Waga: <\/strong>55 kg<br \/><strong>Wymiary [ wys.\/szer.\/g\u0142.]: <\/strong>59 x 89 x 53 cm<br \/><strong>\u015arednica komina: \u00a0<\/strong>6 cm wylot 10 cm wlot<br \/><strong>Sprawno\u015b\u0107 cieplna: <\/strong>83%<br \/><strong>Zasilanie: <\/strong>230V<br \/><strong>Cena brutto: <\/strong>8.500. z\u0142<\/p>\n                            <\/div>\n\n                            \t\n                                <a class=\"el-news-link\" href=\"\">6.910,57 z\u0142 \/ netto<i class=\"ei arrow_right\"><\/i><\/a>\n                                                    <\/div>\n\n                                                    <div class=\"el-news-image\">\n                                <img decoding=\"async\" src=\"https:\/\/promgaz.pl\/wp-content\/uploads\/2023\/04\/2573.jpg\" title=\"nagrzewnica_45kw\" alt=\"nagrzewnica_45kw\" loading=\"lazy\" \/>                            <\/div>\n                                            <\/div>\n                            <\/div>\n        \t\t<\/div>\n\t\t\t\t<\/div>\n\t\t\t\t\t\t<\/div>\n\t\t\t\t\t<\/div>\n\t\t<\/div>\n\t\t\t\t\t\t\t\t<\/div>\n\t\t\t\t\t<\/div>\n\t\t<\/section>\n\t\t\t\t<section class=\"elementor-section elementor-top-section elementor-element elementor-element-8b25dfd elementor-section-boxed elementor-section-height-default elementor-section-height-default\" data-id=\"8b25dfd\" data-element_type=\"section\">\n\t\t\t\t\t\t<div class=\"elementor-container elementor-column-gap-default\">\n\t\t\t\t\t\t\t<div class=\"elementor-row\">\n\t\t\t\t\t<div class=\"elementor-column elementor-col-100 elementor-top-column elementor-element elementor-element-fdaac18\" data-id=\"fdaac18\" data-element_type=\"column\">\n\t\t\t<div class=\"elementor-column-wrap elementor-element-populated\">\n\t\t\t\t\t\t\t<div class=\"elementor-widget-wrap\">\n\t\t\t\t\t\t<div class=\"elementor-element elementor-element-891565f elementor-hidden-desktop elementor-hidden-tablet elementor-hidden-mobile elementor-widget elementor-widget-square-plus-content-slider\" data-id=\"891565f\" data-element_type=\"widget\" data-widget_type=\"square-plus-content-slider.default\">\n\t\t\t\t<div class=\"elementor-widget-container\">\n\t\t\t        <div class=\"el-style1 el-news-wrap owl-carousel el-clearfix\" data-params='{\"autoplay\":true,\"pause_on_hover\":true,\"loop\":true,\"speed\":500,\"pause\":5000}'>\n                                <div class=\"el-news\">\n                        \n                        <div class=\"el-news-content\">\n                            <h5 class=\"el-news-title\">Nagrzewnica Gazowa  GH 0845<\/h5>\n\n                            <div class=\"el-news-text\">\n                                <p><strong>Rodzaj gazu:<\/strong> Gaz Ziemny | Propan-Butan<br \/><strong>Moc nominalna: <\/strong>45 kW<br \/><strong>Zu\u017cycie gazu: <\/strong>4,7 m3\/h | 2,7 kg\/h<br \/><strong>Ci\u015bnienie robocze gazu: <\/strong>20 mbar | 37 mbar<br \/><strong>Waga: <\/strong>80 kg<br \/><strong>Wymiary [ wys.\/szer.\/g\u0142.]: <\/strong>100 x 70 x 54 cm<br \/><strong>\u015arednica komina: \u00a0<\/strong>10 cm wylot 15 cm wlot<br \/><strong>Sprawno\u015b\u0107 cieplna: <\/strong>83%<br \/><strong>Zasilanie: <\/strong>230V<br \/><strong>Cena brutto: <\/strong>9.900 z\u0142<\/p>\n                            <\/div>\n\n                            \t\n                                <a class=\"el-news-link\" href=\"\">8.048,78 z\u0142 \/ netto<i class=\"ei arrow_right\"><\/i><\/a>\n                                                    <\/div>\n\n                                                    <div class=\"el-news-image\">\n                                <img decoding=\"async\" src=\"https:\/\/promgaz.pl\/wp-content\/uploads\/2023\/04\/2365.jpg\" title=\"nagrzewnica_odprowadzenie_spalin\" alt=\"nagrzewnica_odprowadzenie_spalin\" loading=\"lazy\" \/>                            <\/div>\n                                            <\/div>\n                            <\/div>\n        \t\t<\/div>\n\t\t\t\t<\/div>\n\t\t\t\t\t\t<\/div>\n\t\t\t\t\t<\/div>\n\t\t<\/div>\n\t\t\t\t\t\t\t\t<\/div>\n\t\t\t\t\t<\/div>\n\t\t<\/section>\n\t\t\t\t<section class=\"elementor-section elementor-top-section elementor-element elementor-element-4a1ca7f elementor-section-boxed elementor-section-height-default elementor-section-height-default\" data-id=\"4a1ca7f\" data-element_type=\"section\">\n\t\t\t\t\t\t<div class=\"elementor-container elementor-column-gap-default\">\n\t\t\t\t\t\t\t<div class=\"elementor-row\">\n\t\t\t\t\t<div class=\"elementor-column elementor-col-100 elementor-top-column elementor-element elementor-element-e2b33c9\" data-id=\"e2b33c9\" data-element_type=\"column\">\n\t\t\t<div class=\"elementor-column-wrap elementor-element-populated\">\n\t\t\t\t\t\t\t<div class=\"elementor-widget-wrap\">\n\t\t\t\t\t\t<div class=\"elementor-element elementor-element-51eb928b elementor-widget elementor-widget-square-plus-content-slider\" data-id=\"51eb928b\" data-element_type=\"widget\" data-widget_type=\"square-plus-content-slider.default\">\n\t\t\t\t<div class=\"elementor-widget-container\">\n\t\t\t        <div class=\"el-style2 el-news-wrap owl-carousel el-clearfix\" data-params='{\"autoplay\":true,\"pause_on_hover\":true,\"loop\":true,\"speed\":500,\"pause\":5000}'>\n                                <div class=\"el-news\">\n                                                    <div class=\"el-news-image\">\n                                <img decoding=\"async\" src=\"https:\/\/promgaz.pl\/wp-content\/uploads\/2021\/01\/wylot-spalin-pionowy-typu-B22.jpg\" title=\"wylot-spalin-pionowy-typu-B22\" alt=\"wylot-spalin-pionowy-typu-B22\" loading=\"lazy\" \/>                            <\/div>\n                        \n                        <div class=\"el-news-content\">\n                            <h5 class=\"el-news-title\"><p id=\"odprowadzeniegh\">Komin pionowy do Nagrzewnicy Gazowej GH<\/p><\/h5>\n\n                            <div class=\"el-news-text\">\n                                <p>W sk\u0142ad zestawu wchodzi:<\/p>\n<ul>\n<li>opaska \u015blimakowa (nierdzewna)<\/li>\n<li>przew\u00f3d elastyczny \u00f8100 (aluminiowy) 1mb<\/li>\n<li>z\u0142\u0105czka (nierdzewna)<\/li>\n<li>rura prosta\u00a0 (nierdzewna) 1mb<\/li>\n<li>daszek (nierdzewny)<\/li>\n<li>obejma \u0142\u0105cz\u0105ca (nierdzewna) 2szt<\/li>\n<li>opaska wargowa 2szt<\/li>\n<\/ul>\n<p><strong>Cena brutto:<\/strong> 569,11 z\u0142<\/p>\n                            <\/div>\n\n                            \t\n                                <a class=\"el-news-link\" href=\"https:\/\/promgaz.pl\/index.php\/produkty\/nagrzewnice-gazowe-gh\/\">438, 21 z\u0142 \/ netto<i class=\"ei arrow_right\"><\/i><\/a>\n                                                    <\/div>\n\n                                            <\/div>\n                            <\/div>\n        \t\t<\/div>\n\t\t\t\t<\/div>\n\t\t\t\t\t\t<\/div>\n\t\t\t\t\t<\/div>\n\t\t<\/div>\n\t\t\t\t\t\t\t\t<\/div>\n\t\t\t\t\t<\/div>\n\t\t<\/section>\n\t\t\t\t<section class=\"elementor-section elementor-top-section elementor-element elementor-element-8e1916a elementor-section-boxed elementor-section-height-default elementor-section-height-default\" data-id=\"8e1916a\" data-element_type=\"section\">\n\t\t\t\t\t\t<div class=\"elementor-container elementor-column-gap-default\">\n\t\t\t\t\t\t\t<div class=\"elementor-row\">\n\t\t\t\t\t<div class=\"elementor-column elementor-col-100 elementor-top-column elementor-element elementor-element-b8b41f3\" data-id=\"b8b41f3\" data-element_type=\"column\">\n\t\t\t<div class=\"elementor-column-wrap elementor-element-populated\">\n\t\t\t\t\t\t\t<div class=\"elementor-widget-wrap\">\n\t\t\t\t\t\t<div class=\"elementor-element elementor-element-9c68875 elementor-widget elementor-widget-square-plus-content-slider\" data-id=\"9c68875\" data-element_type=\"widget\" data-widget_type=\"square-plus-content-slider.default\">\n\t\t\t\t<div class=\"elementor-widget-container\">\n\t\t\t        <div class=\"el-style2 el-news-wrap owl-carousel el-clearfix\" data-params='{\"autoplay\":true,\"pause_on_hover\":true,\"loop\":true,\"speed\":500,\"pause\":5000}'>\n                                <div class=\"el-news\">\n                                                    <div class=\"el-news-image\">\n                                <img decoding=\"async\" src=\"https:\/\/promgaz.pl\/wp-content\/uploads\/2023\/04\/4911-e1682325280818.jpg\" title=\"komin\" alt=\"komin\" loading=\"lazy\" \/>                            <\/div>\n                        \n                        <div class=\"el-news-content\">\n                            <h5 class=\"el-news-title\">Wyrzut spalin\/pob\u00f3r powietrza regulowany 800-1200mm 100\/60 <\/h5>\n\n                            <div class=\"el-news-text\">\n                                <p><span style=\"font-size: 12pt;font-family: tahoma, arial, helvetica, sans-serif\"><strong>Przeznaczony do nagrzewnicy: <\/strong>GH0618, GH0825<\/span><br \/><span style=\"font-size: 12pt;font-family: tahoma, arial, helvetica, sans-serif\"><strong>\u015arednica:<\/strong> 100\/60mm<\/span><br \/><span style=\"font-size: 12pt;font-family: tahoma, arial, helvetica, sans-serif\"><strong>Regulacja:<\/strong>\u00a0800-1200mm<\/span><\/p>\n<p><strong>Cena brutto:<\/strong> 640 z\u0142<\/p>\n                            <\/div>\n\n                            \t\n                                <a class=\"el-news-link\" href=\"\">520,33 z\u0142 \/ netto<i class=\"ei arrow_right\"><\/i><\/a>\n                                                    <\/div>\n\n                                            <\/div>\n                            <\/div>\n        \t\t<\/div>\n\t\t\t\t<\/div>\n\t\t\t\t\t\t<\/div>\n\t\t\t\t\t<\/div>\n\t\t<\/div>\n\t\t\t\t\t\t\t\t<\/div>\n\t\t\t\t\t<\/div>\n\t\t<\/section>\n\t\t\t\t<section class=\"elementor-section elementor-top-section elementor-element elementor-element-9de0ecd elementor-section-boxed elementor-section-height-default elementor-section-height-default\" data-id=\"9de0ecd\" data-element_type=\"section\">\n\t\t\t\t\t\t<div class=\"elementor-container elementor-column-gap-default\">\n\t\t\t\t\t\t\t<div class=\"elementor-row\">\n\t\t\t\t\t<div class=\"elementor-column elementor-col-100 elementor-top-column elementor-element elementor-element-f78b87b\" data-id=\"f78b87b\" data-element_type=\"column\">\n\t\t\t<div class=\"elementor-column-wrap elementor-element-populated\">\n\t\t\t\t\t\t\t<div class=\"elementor-widget-wrap\">\n\t\t\t\t\t\t<div class=\"elementor-element elementor-element-9846f1e elementor-widget elementor-widget-square-plus-content-slider\" data-id=\"9846f1e\" data-element_type=\"widget\" data-widget_type=\"square-plus-content-slider.default\">\n\t\t\t\t<div class=\"elementor-widget-container\">\n\t\t\t        <div class=\"el-style2 el-news-wrap owl-carousel el-clearfix\" data-params='{\"autoplay\":true,\"pause_on_hover\":true,\"loop\":true,\"speed\":500,\"pause\":5000}'>\n                                <div class=\"el-news\">\n                                                    <div class=\"el-news-image\">\n                                <img decoding=\"async\" src=\"https:\/\/promgaz.pl\/wp-content\/uploads\/2021\/01\/wylot-spalin-wlot-powietrza-nagrzewnicay-gazowej-GH-firmy-Sarmatia-e1682324992414.jpg\" title=\"wylot-spalin-wlot-powietrza-nagrzewnicay-gazowej-GH-firmy-Sarmatia\" alt=\"wylot-spalin-wlot-powietrza-nagrzewnicay-gazowej-GH-firmy-Sarmatia\" loading=\"lazy\" \/>                            <\/div>\n                        \n                        <div class=\"el-news-content\">\n                            <h5 class=\"el-news-title\">Komin z wylotem spalin i wlotem powietrza dla nagrzewnicy gazowej <\/h5>\n\n                            <div class=\"el-news-text\">\n                                <p><span style=\"font-family: tahoma, arial, helvetica, sans-serif;font-size: 12pt\"><strong>Przeznaczony do nagrzewnicy gazowej:<\/strong> GH0618 i GH0825<\/span><br \/><span style=\"font-family: tahoma, arial, helvetica, sans-serif;font-size: 12pt\"><strong>Komin zawiera 2 kana\u0142y:<\/strong> powietrzny do spalania i wylot spalin.<\/span><br \/><span style=\"font-family: tahoma, arial, helvetica, sans-serif;font-size: 12pt\"><strong>D\u0142ugo\u015b\u0107:<\/strong> 97 cm<\/span><br \/><span style=\"font-family: tahoma, arial, helvetica, sans-serif;font-size: 12pt\"><strong>\u015arednica:<\/strong><br \/><strong>wlotu powietrza:<\/strong> 10 cm <br \/><\/span><span style=\"font-family: tahoma, arial, helvetica, sans-serif;font-size: 12pt\"><strong>wylot spalin:<\/strong> 6 cm<\/span><\/p>\n<p><strong>Cena brutto:<\/strong> 350,00z\u0142<\/p>\n                            <\/div>\n\n                            \t\n                                <a class=\"el-news-link\" href=\"\">284,55 z\u0142 \/ netto<i class=\"ei arrow_right\"><\/i><\/a>\n                                                    <\/div>\n\n                                            <\/div>\n                            <\/div>\n        \t\t<\/div>\n\t\t\t\t<\/div>\n\t\t\t\t\t\t<\/div>\n\t\t\t\t\t<\/div>\n\t\t<\/div>\n\t\t\t\t\t\t\t\t<\/div>\n\t\t\t\t\t<\/div>\n\t\t<\/section>\n\t\t\t\t<section class=\"elementor-section elementor-top-section elementor-element elementor-element-5b8a1bb elementor-section-boxed elementor-section-height-default elementor-section-height-default\" data-id=\"5b8a1bb\" data-element_type=\"section\">\n\t\t\t\t\t\t<div class=\"elementor-container elementor-column-gap-default\">\n\t\t\t\t\t\t\t<div class=\"elementor-row\">\n\t\t\t\t\t<div class=\"elementor-column elementor-col-100 elementor-top-column elementor-element elementor-element-ec44215\" data-id=\"ec44215\" data-element_type=\"column\">\n\t\t\t<div class=\"elementor-column-wrap elementor-element-populated\">\n\t\t\t\t\t\t\t<div class=\"elementor-widget-wrap\">\n\t\t\t\t\t\t<div class=\"elementor-element elementor-element-45d02fe elementor-hidden-desktop elementor-hidden-tablet elementor-hidden-mobile elementor-widget elementor-widget-square-plus-content-slider\" data-id=\"45d02fe\" data-element_type=\"widget\" data-widget_type=\"square-plus-content-slider.default\">\n\t\t\t\t<div class=\"elementor-widget-container\">\n\t\t\t        <div class=\"el-style2 el-news-wrap owl-carousel el-clearfix\" data-params='{\"autoplay\":true,\"pause_on_hover\":true,\"loop\":true,\"speed\":500,\"pause\":5000}'>\n                                <div class=\"el-news\">\n                                                    <div class=\"el-news-image\">\n                                <img decoding=\"async\" src=\"https:\/\/promgaz.pl\/wp-content\/uploads\/2023\/04\/4911-e1682325280818.jpg\" title=\"komin\" alt=\"komin\" loading=\"lazy\" \/>                            <\/div>\n                        \n                        <div class=\"el-news-content\">\n                            <h5 class=\"el-news-title\">Wyrzut spalin\/pob\u00f3r powietrza regulowany 800-1200mm 150\/100 <\/h5>\n\n                            <div class=\"el-news-text\">\n                                <p><span style=\"font-size: 12pt;font-family: tahoma, arial, helvetica, sans-serif\"><strong>Przeznaczony do nagrzewnicy: <\/strong>GH0845<\/span><br \/><span style=\"font-size: 12pt;font-family: tahoma, arial, helvetica, sans-serif\"><strong>\u015arednica:<\/strong> 150\/100mm<\/span><br \/><span style=\"font-size: 12pt;font-family: tahoma, arial, helvetica, sans-serif\"><strong>Regulacja:<\/strong>\u00a0800-1200mm<\/span><\/p>\n<p><strong>Cena brutto:<\/strong> 630 z\u0142<\/p>\n                            <\/div>\n\n                            \t\n                                <a class=\"el-news-link\" href=\"\">512,19 z\u0142 \/ netto<i class=\"ei arrow_right\"><\/i><\/a>\n                                                    <\/div>\n\n                                            <\/div>\n                            <\/div>\n        \t\t<\/div>\n\t\t\t\t<\/div>\n\t\t\t\t\t\t<\/div>\n\t\t\t\t\t<\/div>\n\t\t<\/div>\n\t\t\t\t\t\t\t\t<\/div>\n\t\t\t\t\t<\/div>\n\t\t<\/section>\n\t\t\t\t\t\t\t\t\t<\/div>\n\t\t\t<\/div>\n\t\t\t\t\t<\/div>\n\t\t","protected":false},"excerpt":{"rendered":"<p>Nagrzewnice Gazowe GH Nagrzewnica Gazowa GH 0618 Rodzaj gazu: Gaz Ziemny | Propan-ButanMoc nominalna: 18 kWZu\u017cycie gazu: 1,8m3 | 1,2 kg\/hCi\u015bnienie robocze gazu: 17 mbar | 37 mbarWaga: 45 kgWymiary [ wys.\/szer.\/g\u0142.]: 55x77x61 cm\u015arednica komina: \u00a06 cm wylot 10 cm wlotSprawno\u015b\u0107 cieplna: 83%Zasilanie: 230VCena brutto: 7.500,00 z\u0142 6.097,56 z\u0142 \/ netto Nagrzewnica Gazowa GH 0825 [&hellip;]<\/p>\n","protected":false},"author":1,"featured_media":0,"parent":0,"menu_order":0,"comment_status":"closed","ping_status":"closed","template":"","meta":{"footnotes":""},"class_list":["post-2294","page","type-page","status-publish","hentry"],"_links":{"self":[{"href":"https:\/\/promgaz.pl\/index.php\/wp-json\/wp\/v2\/pages\/2294","targetHints":{"allow":["GET"]}}],"collection":[{"href":"https:\/\/promgaz.pl\/index.php\/wp-json\/wp\/v2\/pages"}],"about":[{"href":"https:\/\/promgaz.pl\/index.php\/wp-json\/wp\/v2\/types\/page"}],"author":[{"embeddable":true,"href":"https:\/\/promgaz.pl\/index.php\/wp-json\/wp\/v2\/users\/1"}],"replies":[{"embeddable":true,"href":"https:\/\/promgaz.pl\/index.php\/wp-json\/wp\/v2\/comments?post=2294"}],"version-history":[{"count":11,"href":"https:\/\/promgaz.pl\/index.php\/wp-json\/wp\/v2\/pages\/2294\/revisions"}],"predecessor-version":[{"id":2968,"href":"https:\/\/promgaz.pl\/index.php\/wp-json\/wp\/v2\/pages\/2294\/revisions\/2968"}],"wp:attachment":[{"href":"https:\/\/promgaz.pl\/index.php\/wp-json\/wp\/v2\/media?parent=2294"}],"curies":[{"name":"wp","href":"https:\/\/api.w.org\/{rel}","templated":true}]}}