{"id":2284,"date":"2025-03-18T21:48:32","date_gmt":"2025-03-18T20:48:32","guid":{"rendered":"https:\/\/promgaz.pl\/?page_id=2284"},"modified":"2026-03-13T09:22:19","modified_gmt":"2026-03-13T08:22:19","slug":"sbt-cennik","status":"publish","type":"page","link":"https:\/\/promgaz.pl\/index.php\/sbt-cennik\/","title":{"rendered":"Promienniki SBT &#8211; cennik"},"content":{"rendered":"\t\t<div data-elementor-type=\"wp-post\" data-elementor-id=\"2284\" class=\"elementor elementor-2284\">\n\t\t\t\t\t\t<div class=\"elementor-inner\">\n\t\t\t\t<div class=\"elementor-section-wrap\">\n\t\t\t\t\t\t\t\t\t<section class=\"elementor-section elementor-top-section elementor-element elementor-element-33a61806 elementor-section-boxed elementor-section-height-default elementor-section-height-default\" data-id=\"33a61806\" data-element_type=\"section\">\n\t\t\t\t\t\t<div class=\"elementor-container elementor-column-gap-default\">\n\t\t\t\t\t\t\t<div class=\"elementor-row\">\n\t\t\t\t\t<div class=\"elementor-column elementor-col-100 elementor-top-column elementor-element elementor-element-fb6cac5\" data-id=\"fb6cac5\" data-element_type=\"column\">\n\t\t\t<div class=\"elementor-column-wrap elementor-element-populated\">\n\t\t\t\t\t\t\t<div class=\"elementor-widget-wrap\">\n\t\t\t\t\t\t<div class=\"elementor-element elementor-element-ee9c05a elementor-widget elementor-widget-heading\" data-id=\"ee9c05a\" data-element_type=\"widget\" data-widget_type=\"heading.default\">\n\t\t\t\t<div class=\"elementor-widget-container\">\n\t\t\t<style>\/*! elementor - v3.14.0 - 18-06-2023 *\/\n.elementor-heading-title{padding:0;margin:0;line-height:1}.elementor-widget-heading .elementor-heading-title[class*=elementor-size-]>a{color:inherit;font-size:inherit;line-height:inherit}.elementor-widget-heading .elementor-heading-title.elementor-size-small{font-size:15px}.elementor-widget-heading .elementor-heading-title.elementor-size-medium{font-size:19px}.elementor-widget-heading .elementor-heading-title.elementor-size-large{font-size:29px}.elementor-widget-heading .elementor-heading-title.elementor-size-xl{font-size:39px}.elementor-widget-heading .elementor-heading-title.elementor-size-xxl{font-size:59px}<\/style><h2 class=\"elementor-heading-title elementor-size-default\">Promienniki Gazowe Rurowe SBT<\/h2>\t\t<\/div>\n\t\t\t\t<\/div>\n\t\t\t\t<div class=\"elementor-element elementor-element-1a1e03 elementor-widget elementor-widget-square-plus-content-slider\" data-id=\"1a1e03\" data-element_type=\"widget\" data-widget_type=\"square-plus-content-slider.default\">\n\t\t\t\t<div class=\"elementor-widget-container\">\n\t\t\t        <div class=\"el-style2 el-news-wrap owl-carousel el-clearfix\" data-params='{\"autoplay\":true,\"pause_on_hover\":true,\"loop\":true,\"speed\":500,\"pause\":5000}'>\n                                <div class=\"el-news\">\n                                                    <div class=\"el-news-image\">\n                                <img decoding=\"async\" src=\"https:\/\/promgaz.pl\/wp-content\/uploads\/2023\/04\/Promiennik-rurowy-grzewczy-ogrzewanie-hal.jpg\" title=\"Promiennik-rurowy-grzewczy-ogrzewanie-hal\" alt=\"Promiennik-rurowy-grzewczy-ogrzewanie-hal\" loading=\"lazy\" \/>                            <\/div>\n                        \n                        <div class=\"el-news-content\">\n                            <h5 class=\"el-news-title\"><p id=\"sbt\">Promiennik Gazowy Rurowy  SBT-6U<\/p><\/h5>\n\n                            <div class=\"el-news-text\">\n                                <p><strong>Moc:<\/strong>\u00a030 kW<br \/><strong>Waga:<\/strong>\u00a0104 kg<br \/><strong>Wysoko\u015b\u0107 monta\u017cu:<\/strong>\u00a05m<\/p>\n                            <\/div>\n\n                            \t\n                                <a class=\"el-news-link\" href=\"mailto:biuro@promgaz.pl\">Zapytaj o cen\u0119 \u27a1\ufe0f biuro@promgaz.pl<i class=\"ei arrow_right\"><\/i><\/a>\n                                                    <\/div>\n\n                                            <\/div>\n                            <\/div>\n        \t\t<\/div>\n\t\t\t\t<\/div>\n\t\t\t\t\t\t<\/div>\n\t\t\t\t\t<\/div>\n\t\t<\/div>\n\t\t\t\t\t\t\t\t<\/div>\n\t\t\t\t\t<\/div>\n\t\t<\/section>\n\t\t\t\t<section class=\"elementor-section elementor-top-section elementor-element elementor-element-bc3464e elementor-section-boxed elementor-section-height-default elementor-section-height-default\" data-id=\"bc3464e\" data-element_type=\"section\">\n\t\t\t\t\t\t<div class=\"elementor-container elementor-column-gap-default\">\n\t\t\t\t\t\t\t<div class=\"elementor-row\">\n\t\t\t\t\t<div class=\"elementor-column elementor-col-100 elementor-top-column elementor-element elementor-element-a4bdc08\" data-id=\"a4bdc08\" data-element_type=\"column\">\n\t\t\t<div class=\"elementor-column-wrap elementor-element-populated\">\n\t\t\t\t\t\t\t<div class=\"elementor-widget-wrap\">\n\t\t\t\t\t\t<div class=\"elementor-element elementor-element-9650691 elementor-widget elementor-widget-square-plus-content-slider\" data-id=\"9650691\" data-element_type=\"widget\" data-widget_type=\"square-plus-content-slider.default\">\n\t\t\t\t<div class=\"elementor-widget-container\">\n\t\t\t        <div class=\"el-style2 el-news-wrap owl-carousel el-clearfix\" data-params='{\"autoplay\":true,\"pause_on_hover\":true,\"loop\":true,\"speed\":500,\"pause\":5000}'>\n                                <div class=\"el-news\">\n                                                    <div class=\"el-news-image\">\n                                <img decoding=\"async\" src=\"https:\/\/promgaz.pl\/wp-content\/uploads\/2021\/01\/Promiennik-rurowy-grzewczy-ogrzewanie-hal-e1682061707225.jpg\" title=\"Promiennik-rurowy-grzewczy,-ogrzewanie-hal\" alt=\"Promiennik-rurowy-grzewczy,-ogrzewanie-hal\" loading=\"lazy\" \/>                            <\/div>\n                        \n                        <div class=\"el-news-content\">\n                            <h5 class=\"el-news-title\">Promiennik Gazowy Rurowy  SBT-9U<\/h5>\n\n                            <div class=\"el-news-text\">\n                                <p><strong>Moc:<\/strong> 45 kW<br \/><strong>Waga:<\/strong> 148 kg<br \/><strong>Wysoko\u015b\u0107 monta\u017cu:<\/strong> 8m<\/p>\n                            <\/div>\n\n                            \t\n                                <a class=\"el-news-link\" href=\"mailto:biuro@promgaz.pl\">Zapytaj o cen\u0119 \u27a1\ufe0f biuro@promgaz.pl<i class=\"ei arrow_right\"><\/i><\/a>\n                                                    <\/div>\n\n                                            <\/div>\n                            <\/div>\n        \t\t<\/div>\n\t\t\t\t<\/div>\n\t\t\t\t\t\t<\/div>\n\t\t\t\t\t<\/div>\n\t\t<\/div>\n\t\t\t\t\t\t\t\t<\/div>\n\t\t\t\t\t<\/div>\n\t\t<\/section>\n\t\t\t\t<section class=\"elementor-section elementor-top-section elementor-element elementor-element-2361ac1 elementor-section-boxed elementor-section-height-default elementor-section-height-default\" data-id=\"2361ac1\" data-element_type=\"section\">\n\t\t\t\t\t\t<div class=\"elementor-container elementor-column-gap-default\">\n\t\t\t\t\t\t\t<div class=\"elementor-row\">\n\t\t\t\t\t<div class=\"elementor-column elementor-col-100 elementor-top-column elementor-element elementor-element-c2ce89d\" data-id=\"c2ce89d\" data-element_type=\"column\">\n\t\t\t<div class=\"elementor-column-wrap elementor-element-populated\">\n\t\t\t\t\t\t\t<div class=\"elementor-widget-wrap\">\n\t\t\t\t\t\t<div class=\"elementor-element elementor-element-9d58c0f elementor-widget elementor-widget-square-plus-content-slider\" data-id=\"9d58c0f\" data-element_type=\"widget\" data-widget_type=\"square-plus-content-slider.default\">\n\t\t\t\t<div class=\"elementor-widget-container\">\n\t\t\t        <div class=\"el-style2 el-news-wrap owl-carousel el-clearfix\" data-params='{\"autoplay\":true,\"pause_on_hover\":true,\"loop\":true,\"speed\":500,\"pause\":5000}'>\n                                <div class=\"el-news\">\n                                                    <div class=\"el-news-image\">\n                                <img decoding=\"async\" src=\"https:\/\/promgaz.pl\/wp-content\/uploads\/2023\/04\/Promiennik-rurowy-grzewczy-ogrzewanie-hal.jpg\" title=\"Promiennik-rurowy-grzewczy-ogrzewanie-hal\" alt=\"Promiennik-rurowy-grzewczy-ogrzewanie-hal\" loading=\"lazy\" \/>                            <\/div>\n                        \n                        <div class=\"el-news-content\">\n                            <h5 class=\"el-news-title\">Promiennik Gazowy Rurowy  SBT-12U<\/h5>\n\n                            <div class=\"el-news-text\">\n                                <p><strong>Moc:<\/strong> 45 kW<br \/><strong>Waga:<\/strong> 192 kg<br \/><strong>Wysoko\u015b\u0107 monta\u017cu:<\/strong> 8m<\/p>\n                            <\/div>\n\n                            \t\n                                <a class=\"el-news-link\" href=\"mailto:biuro@promgaz.pl\">Zapytaj o cen\u0119 \u27a1\ufe0f biuro@promgaz.pl<i class=\"ei arrow_right\"><\/i><\/a>\n                                                    <\/div>\n\n                                            <\/div>\n                            <\/div>\n        \t\t<\/div>\n\t\t\t\t<\/div>\n\t\t\t\t\t\t<\/div>\n\t\t\t\t\t<\/div>\n\t\t<\/div>\n\t\t\t\t\t\t\t\t<\/div>\n\t\t\t\t\t<\/div>\n\t\t<\/section>\n\t\t\t\t<section class=\"elementor-section elementor-top-section elementor-element elementor-element-18f3050 elementor-section-boxed elementor-section-height-default elementor-section-height-default\" data-id=\"18f3050\" data-element_type=\"section\">\n\t\t\t\t\t\t<div class=\"elementor-container elementor-column-gap-default\">\n\t\t\t\t\t\t\t<div class=\"elementor-row\">\n\t\t\t\t\t<div class=\"elementor-column elementor-col-100 elementor-top-column elementor-element elementor-element-6710b47\" data-id=\"6710b47\" data-element_type=\"column\">\n\t\t\t<div class=\"elementor-column-wrap elementor-element-populated\">\n\t\t\t\t\t\t\t<div class=\"elementor-widget-wrap\">\n\t\t\t\t\t\t<div class=\"elementor-element elementor-element-8b963fe elementor-widget elementor-widget-square-plus-content-slider\" data-id=\"8b963fe\" data-element_type=\"widget\" data-widget_type=\"square-plus-content-slider.default\">\n\t\t\t\t<div class=\"elementor-widget-container\">\n\t\t\t        <div class=\"el-style2 el-news-wrap owl-carousel el-clearfix\" data-params='{\"autoplay\":true,\"pause_on_hover\":true,\"loop\":true,\"speed\":500,\"pause\":5000}'>\n                                <div class=\"el-news\">\n                                                    <div class=\"el-news-image\">\n                                <img decoding=\"async\" src=\"https:\/\/promgaz.pl\/wp-content\/uploads\/2021\/01\/SBTi7-e1682062346595.png\" title=\"SBT\" alt=\"SBT\" loading=\"lazy\" \/>                            <\/div>\n                        \n                        <div class=\"el-news-content\">\n                            <h5 class=\"el-news-title\">Promiennik Gazowy Rurowy  SBT-12I<\/h5>\n\n                            <div class=\"el-news-text\">\n                                <p><strong>Moc:<\/strong> 30 kW<br \/><strong>Waga:<\/strong> 102 kg<br \/><strong>Wysoko\u015b\u0107 monta\u017cu:<\/strong> 5m<\/p>\n                            <\/div>\n\n                            \t\n                                <a class=\"el-news-link\" href=\"mailto:biuro@promgaz.pl\">Zapytaj o cen\u0119 \u27a1\ufe0f biuro@promgaz.pl<i class=\"ei arrow_right\"><\/i><\/a>\n                                                    <\/div>\n\n                                            <\/div>\n                            <\/div>\n        \t\t<\/div>\n\t\t\t\t<\/div>\n\t\t\t\t\t\t<\/div>\n\t\t\t\t\t<\/div>\n\t\t<\/div>\n\t\t\t\t\t\t\t\t<\/div>\n\t\t\t\t\t<\/div>\n\t\t<\/section>\n\t\t\t\t<section class=\"elementor-section elementor-top-section elementor-element elementor-element-92dc3d0 elementor-section-boxed elementor-section-height-default elementor-section-height-default\" data-id=\"92dc3d0\" data-element_type=\"section\">\n\t\t\t\t\t\t<div class=\"elementor-container elementor-column-gap-default\">\n\t\t\t\t\t\t\t<div class=\"elementor-row\">\n\t\t\t\t\t<div class=\"elementor-column elementor-col-100 elementor-top-column elementor-element elementor-element-b86cf1c\" data-id=\"b86cf1c\" data-element_type=\"column\">\n\t\t\t<div class=\"elementor-column-wrap elementor-element-populated\">\n\t\t\t\t\t\t\t<div class=\"elementor-widget-wrap\">\n\t\t\t\t\t\t<div class=\"elementor-element elementor-element-510a8cf elementor-widget elementor-widget-square-plus-content-slider\" data-id=\"510a8cf\" data-element_type=\"widget\" data-widget_type=\"square-plus-content-slider.default\">\n\t\t\t\t<div class=\"elementor-widget-container\">\n\t\t\t        <div class=\"el-style2 el-news-wrap owl-carousel el-clearfix\" data-params='{\"autoplay\":true,\"pause_on_hover\":true,\"loop\":true,\"speed\":500,\"pause\":5000}'>\n                                <div class=\"el-news\">\n                                                    <div class=\"el-news-image\">\n                                <img decoding=\"async\" src=\"https:\/\/promgaz.pl\/wp-content\/uploads\/2023\/04\/SBT-e1682062466987.png\" title=\"SBT\" alt=\"SBT\" loading=\"lazy\" \/>                            <\/div>\n                        \n                        <div class=\"el-news-content\">\n                            <h5 class=\"el-news-title\">Promiennik Gazowy Rurowy  SBT-18I<\/h5>\n\n                            <div class=\"el-news-text\">\n                                <p><strong>Moc:<\/strong> 45 kW<br \/><strong>Waga:<\/strong> 147 kg<br \/><strong>Wysoko\u015b\u0107 monta\u017cu:<\/strong> 5m<\/p>\n                            <\/div>\n\n                            \t\n                                <a class=\"el-news-link\" href=\"mailto:biuro@promgaz.pl\">Zapytaj o cen\u0119 \u27a1\ufe0f biuro@promgaz.pl<i class=\"ei arrow_right\"><\/i><\/a>\n                                                    <\/div>\n\n                                            <\/div>\n                            <\/div>\n        \t\t<\/div>\n\t\t\t\t<\/div>\n\t\t\t\t<div class=\"elementor-element elementor-element-db02566 elementor-widget elementor-widget-text-editor\" data-id=\"db02566\" data-element_type=\"widget\" data-widget_type=\"text-editor.default\">\n\t\t\t\t<div class=\"elementor-widget-container\">\n\t\t\t<style>\/*! elementor - v3.14.0 - 18-06-2023 *\/\n.elementor-widget-text-editor.elementor-drop-cap-view-stacked .elementor-drop-cap{background-color:#69727d;color:#fff}.elementor-widget-text-editor.elementor-drop-cap-view-framed .elementor-drop-cap{color:#69727d;border:3px solid;background-color:transparent}.elementor-widget-text-editor:not(.elementor-drop-cap-view-default) .elementor-drop-cap{margin-top:8px}.elementor-widget-text-editor:not(.elementor-drop-cap-view-default) .elementor-drop-cap-letter{width:1em;height:1em}.elementor-widget-text-editor .elementor-drop-cap{float:left;text-align:center;line-height:1;font-size:50px}.elementor-widget-text-editor .elementor-drop-cap-letter{display:inline-block}<\/style>\t\t\t\t\t<div class=\"elementor-text-editor elementor-clearfix\">\n\t\t\t\t<h5 style=\"text-align: center;\">W sk\u0142ad zestawu wchodzi komin, kt\u00f3ry nie jest uj\u0119ty w cenie zakupu promiennika<\/h5>\t\t\t\t\t<\/div>\n\t\t\t\t\t\t<\/div>\n\t\t\t\t<\/div>\n\t\t\t\t\t\t<\/div>\n\t\t\t\t\t<\/div>\n\t\t<\/div>\n\t\t\t\t\t\t\t\t<\/div>\n\t\t\t\t\t<\/div>\n\t\t<\/section>\n\t\t\t\t<section class=\"elementor-section elementor-top-section elementor-element elementor-element-4535322e elementor-section-boxed elementor-section-height-default elementor-section-height-default\" data-id=\"4535322e\" data-element_type=\"section\">\n\t\t\t\t\t\t<div class=\"elementor-container elementor-column-gap-default\">\n\t\t\t\t\t\t\t<div class=\"elementor-row\">\n\t\t\t\t\t<div class=\"elementor-column elementor-col-100 elementor-top-column elementor-element elementor-element-79a696c3\" data-id=\"79a696c3\" data-element_type=\"column\">\n\t\t\t<div class=\"elementor-column-wrap elementor-element-populated\">\n\t\t\t\t\t\t\t<div class=\"elementor-widget-wrap\">\n\t\t\t\t\t\t<div class=\"elementor-element elementor-element-1d8946c0 elementor-widget elementor-widget-square-plus-content-slider\" data-id=\"1d8946c0\" data-element_type=\"widget\" data-widget_type=\"square-plus-content-slider.default\">\n\t\t\t\t<div class=\"elementor-widget-container\">\n\t\t\t        <div class=\"el-style1 el-news-wrap owl-carousel el-clearfix\" data-params='{\"autoplay\":true,\"pause_on_hover\":true,\"loop\":true,\"speed\":500,\"pause\":5000}'>\n                                <div class=\"el-news\">\n                        \n                        <div class=\"el-news-content\">\n                            <h5 class=\"el-news-title\"><p id=\"odprowadzeniesbt\">Odprowadzenie spalin do promiennik\u00f3w SBT<\/p><\/h5>\n\n                            <div class=\"el-news-text\">\n                                <p>Komin SBT powietrzno-spalinowy dachowy - 1 550 z\u0142 netto<\/p>\n<p>Komin SBT powietrzno-spalinowy \u015bcienny - 1 450 z\u0142 netto<\/p>\n<p>Maskownica do komina SBT - 100 z\u0142 netto<\/p>\n                            <\/div>\n\n                            \t\n                                <a class=\"el-news-link\" href=\"https:\/\/promgaz.pl\/index.php\/produkty\/promienniki-rurowe-sbt\/\">Promienniki Rurowe SBT<i class=\"ei arrow_right\"><\/i><\/a>\n                                                    <\/div>\n\n                                                    <div class=\"el-news-image\">\n                                <img decoding=\"async\" src=\"https:\/\/promgaz.pl\/wp-content\/uploads\/2023\/04\/komin-1-sztuka-768x1160-1-e1681991758139.png\" title=\"komin-1-sztuka-768&#215;1160\" alt=\"komin-1-sztuka-768x1160\" loading=\"lazy\" \/>                            <\/div>\n                                            <\/div>\n                            <\/div>\n        \t\t<\/div>\n\t\t\t\t<\/div>\n\t\t\t\t\t\t<\/div>\n\t\t\t\t\t<\/div>\n\t\t<\/div>\n\t\t\t\t\t\t\t\t<\/div>\n\t\t\t\t\t<\/div>\n\t\t<\/section>\n\t\t\t\t<section class=\"elementor-section elementor-top-section elementor-element elementor-element-8b19f5b elementor-section-boxed elementor-section-height-default elementor-section-height-default\" data-id=\"8b19f5b\" data-element_type=\"section\">\n\t\t\t\t\t\t<div class=\"elementor-container elementor-column-gap-default\">\n\t\t\t\t\t\t\t<div class=\"elementor-row\">\n\t\t\t\t\t<div class=\"elementor-column elementor-col-100 elementor-top-column elementor-element elementor-element-1160242\" data-id=\"1160242\" data-element_type=\"column\">\n\t\t\t<div class=\"elementor-column-wrap elementor-element-populated\">\n\t\t\t\t\t\t\t<div class=\"elementor-widget-wrap\">\n\t\t\t\t\t\t<div class=\"elementor-element elementor-element-b8436c4 elementor-widget elementor-widget-square-plus-content-slider\" data-id=\"b8436c4\" data-element_type=\"widget\" data-widget_type=\"square-plus-content-slider.default\">\n\t\t\t\t<div class=\"elementor-widget-container\">\n\t\t\t        <div class=\"el-style2 el-news-wrap owl-carousel el-clearfix\" data-params='{\"autoplay\":true,\"pause_on_hover\":true,\"loop\":true,\"speed\":500,\"pause\":5000}'>\n                                <div class=\"el-news\">\n                                                    <div class=\"el-news-image\">\n                                <img decoding=\"async\" src=\"https:\/\/promgaz.pl\/wp-content\/uploads\/2023\/04\/2-promienniki-e1682319742678.jpg\" title=\"sterowanie do promiennik\u00f3w\" alt=\"sterowanie do promiennik\u00f3w\" loading=\"lazy\" \/>                            <\/div>\n                        \n                        <div class=\"el-news-content\">\n                            <h5 class=\"el-news-title\">Automatyka steruj\u0105ca do Promiennik\u00f3w SBT<\/h5>\n\n                            <div class=\"el-news-text\">\n                                <table style=\"height: 415px\" width=\"1483\">\n<tbody>\n<tr>\n<td style=\"text-align: center;width: 70.7333px\"><strong>Model<\/strong><\/td>\n<td style=\"text-align: center;width: 255.083px\"><strong>Ilo\u015b\u0107 sterowanych promiennik\u00f3w<\/strong><\/td>\n<td style=\"text-align: center;width: 85.1833px\"><strong>Cena netto (PLN)<\/strong><\/td>\n<\/tr>\n<tr style=\"background-color: #ffffff\">\n<td style=\"text-align: center;width: 70.7333px\"><span style=\"color: #000000\">STMPr1<\/span><\/td>\n<td style=\"text-align: center;width: 255.083px\"><span style=\"color: #000000\">1<\/span><\/td>\n<td style=\"text-align: center;width: 85.1833px\"><span style=\"color: #000000\">1200<\/span><\/td>\n<\/tr>\n<tr style=\"background-color: #dedede\">\n<td style=\"text-align: center;width: 70.7333px\"><span style=\"color: #000000\">STMPr2<\/span><\/td>\n<td style=\"text-align: center;width: 255.083px\"><span style=\"color: #000000\">2<\/span><\/td>\n<td style=\"text-align: center;width: 85.1833px\">1400<\/td>\n<\/tr>\n<tr>\n<td style=\"text-align: center;width: 70.7333px\"><span style=\"color: #000000\">STMPr3<\/span><\/td>\n<td style=\"text-align: center;width: 255.083px\"><span style=\"color: #000000\">3<\/span><\/td>\n<td style=\"text-align: center;width: 85.1833px\">1600<\/td>\n<\/tr>\n<tr style=\"background-color: #dedede\">\n<td style=\"text-align: center;width: 70.7333px\"><span style=\"color: #000000\">STMPr4<\/span><\/td>\n<td style=\"text-align: center;width: 255.083px\"><span style=\"color: #000000\">4<\/span><\/td>\n<td style=\"text-align: center;width: 85.1833px\"><span style=\"color: #000000\">1800<\/span><\/td>\n<\/tr>\n<tr>\n<td style=\"text-align: center;width: 70.7333px\"><span style=\"color: #000000\">STMPr5<\/span><\/td>\n<td style=\"text-align: center;width: 255.083px\"><span style=\"color: #000000\">5<\/span><\/td>\n<td style=\"text-align: center;width: 85.1833px\"><span style=\"color: #000000\">2000<\/span><\/td>\n<\/tr>\n<tr style=\"background-color: #dedede\">\n<td style=\"text-align: center;width: 70.7333px\"><span style=\"color: #000000\">STMPr6<\/span><\/td>\n<td style=\"text-align: center;width: 255.083px\"><span style=\"color: #000000\">6<\/span><\/td>\n<td style=\"text-align: center;width: 85.1833px\"><span style=\"color: #000000\">2200<\/span><\/td>\n<\/tr>\n<tr>\n<td style=\"text-align: center;width: 70.7333px\"><span style=\"color: #000000\">STMPr7<\/span><\/td>\n<td style=\"text-align: center;width: 255.083px\"><span style=\"color: #000000\">7<\/span><\/td>\n<td style=\"text-align: center;width: 85.1833px\"><span style=\"color: #000000\">2400<\/span><\/td>\n<\/tr>\n<tr style=\"background-color: #dedede\">\n<td style=\"text-align: center;width: 70.7333px\"><span style=\"color: #000000\">STMPr8<\/span><\/td>\n<td style=\"text-align: center;width: 255.083px\"><span style=\"color: #000000\">8<\/span><\/td>\n<td style=\"text-align: center;width: 85.1833px\"><span style=\"color: #000000\">2600<\/span><\/td>\n<\/tr>\n<tr>\n<td style=\"text-align: center;width: 70.7333px\"><span style=\"color: #000000\">STMPr9<\/span><\/td>\n<td style=\"text-align: center;width: 255.083px\"><span style=\"color: #000000\">9<\/span><\/td>\n<td style=\"text-align: center;width: 85.1833px\"><span style=\"color: #000000\">2800<\/span><\/td>\n<\/tr>\n<tr style=\"background-color: #dedede\">\n<td style=\"text-align: center;width: 70.7333px\"><span style=\"color: #000000\">STMPr10<\/span><\/td>\n<td style=\"text-align: center;width: 255.083px\"><span style=\"color: #000000\">10<\/span><\/td>\n<td style=\"text-align: center;width: 85.1833px\"><span style=\"color: #000000\">3000<\/span><\/td>\n<\/tr>\n<\/tbody>\n<\/table>\n                            <\/div>\n\n                                                    <\/div>\n\n                                            <\/div>\n                            <\/div>\n        \t\t<\/div>\n\t\t\t\t<\/div>\n\t\t\t\t\t\t<\/div>\n\t\t\t\t\t<\/div>\n\t\t<\/div>\n\t\t\t\t\t\t\t\t<\/div>\n\t\t\t\t\t<\/div>\n\t\t<\/section>\n\t\t\t\t\t\t\t\t\t<\/div>\n\t\t\t<\/div>\n\t\t\t\t\t<\/div>\n\t\t","protected":false},"excerpt":{"rendered":"<p>Promienniki Gazowe Rurowe SBT Promiennik Gazowy Rurowy SBT-6U Moc:\u00a030 kWWaga:\u00a0104 kgWysoko\u015b\u0107 monta\u017cu:\u00a05m Zapytaj o cen\u0119 \u27a1\ufe0f biuro@promgaz.pl Promiennik Gazowy Rurowy SBT-9U Moc: 45 kWWaga: 148 kgWysoko\u015b\u0107 monta\u017cu: 8m Zapytaj o cen\u0119 \u27a1\ufe0f biuro@promgaz.pl Promiennik Gazowy Rurowy SBT-12U Moc: 45 kWWaga: 192 kgWysoko\u015b\u0107 monta\u017cu: 8m Zapytaj o cen\u0119 \u27a1\ufe0f biuro@promgaz.pl Promiennik Gazowy Rurowy SBT-12I Moc: 30 [&hellip;]<\/p>\n","protected":false},"author":1,"featured_media":0,"parent":0,"menu_order":0,"comment_status":"closed","ping_status":"closed","template":"","meta":{"footnotes":""},"class_list":["post-2284","page","type-page","status-publish","hentry"],"_links":{"self":[{"href":"https:\/\/promgaz.pl\/index.php\/wp-json\/wp\/v2\/pages\/2284","targetHints":{"allow":["GET"]}}],"collection":[{"href":"https:\/\/promgaz.pl\/index.php\/wp-json\/wp\/v2\/pages"}],"about":[{"href":"https:\/\/promgaz.pl\/index.php\/wp-json\/wp\/v2\/types\/page"}],"author":[{"embeddable":true,"href":"https:\/\/promgaz.pl\/index.php\/wp-json\/wp\/v2\/users\/1"}],"replies":[{"embeddable":true,"href":"https:\/\/promgaz.pl\/index.php\/wp-json\/wp\/v2\/comments?post=2284"}],"version-history":[{"count":11,"href":"https:\/\/promgaz.pl\/index.php\/wp-json\/wp\/v2\/pages\/2284\/revisions"}],"predecessor-version":[{"id":2950,"href":"https:\/\/promgaz.pl\/index.php\/wp-json\/wp\/v2\/pages\/2284\/revisions\/2950"}],"wp:attachment":[{"href":"https:\/\/promgaz.pl\/index.php\/wp-json\/wp\/v2\/media?parent=2284"}],"curies":[{"name":"wp","href":"https:\/\/api.w.org\/{rel}","templated":true}]}}